{"id":123,"date":"2020-11-26T23:40:07","date_gmt":"2020-11-26T23:40:07","guid":{"rendered":"https:\/\/www.peelingsquimicos.com\/?page_id=123"},"modified":"2021-05-23T20:22:53","modified_gmt":"2021-05-23T20:22:53","slug":"peeling-paulas-choice-2-bha","status":"publish","type":"page","link":"https:\/\/www.peelingsquimicos.com\/index.php\/peeling-paulas-choice-2-bha\/","title":{"rendered":"Peeling Paula&#8217;s Choice 2% BHA"},"content":{"rendered":"\n<p>El peeling Paula&#8217;s Choice es un compuesto liposoluble que ayuda en el proceso de exfoliaci\u00f3n de la piel. Al ser soluble en grasa, ayuda no tan solo a exfoliar las capas superiores de la piel, sino que va a penetrar el poro para remover las impurezas que podemos acumular durante el dia.<\/p>\n\n\n\n<p>A continuaci\u00f3n te explicamos como se usa, cuales son sus ingredientes, sus beneficios y m\u00e1s.<\/p>\n\n\n\n<p><\/p>\n\n\n\n<h2><strong>Como se usa el Peeling Paula&#8217;s Choice 2% BHA<\/strong><\/h2>\n\n\n\n<p>El producto se aplica dando toques en la cara con la soluci\u00f3n ya sea en las manos o con pedazos de algod\u00f3n. De esta forma debe distribuirse por toda la cara.<\/p>\n\n\n\n<p>Las indicaciones de la propia marca es que se puede utilizar 1 o 2 veces al dia. Pero para pieles que no est\u00e1n acostumbradas a utilizar \u00e1cidos, se recomienda comenzar utiliz\u00e1ndolo de 1 o 2 veces en semana. Luego ir incrementando poco a poco hasta llegar a su uso diario.<\/p>\n\n\n\n<p>A diferencia de otros peelings de este tipo, este producto esta recomendado para cualquier tipo de piel seg\u00fan las indicaciones de marca. De todas maneras el uso de exfoliantes qu\u00edmicos suele ser m\u00e1s agresivo en pieles sensibles, por lo que consultarlo con su m\u00e9dico no estar\u00eda dem\u00e1s.<\/p>\n\n\n\n<p>Cabe destacar y recordar que luego del uso de peelings qu\u00edmicos tambi\u00e9n es necesario utilizar un protector solar.<\/p>\n\n\n\n<p><\/p>\n\n\n\n<h2><strong>Ingredientes del Peeling Paula&#8217;s Choice<\/strong><\/h2>\n\n\n\n<p>El ingrediente principal de este producto es el acido salic\u00edlico, que es el que hace la funci\u00f3n exfoliante y de blanqueamiento.<\/p>\n\n\n\n<p>Adem\u00e1s, otros de los <strong>ingredientes<\/strong> que podemos encontrar son:<\/p>\n\n\n\n<ul><li>El Metilpropanodiol, que aumenta la penetraci\u00f3n de los activos<\/li><li>El t\u00e9 verde, que sirve como antioxidante<\/li><li>Butilenglicol, que aumenta la penetraci\u00f3n del producto<\/li><li>Hidr\u00f3xido de sodio, que es un equilibrador del pH<\/li><li>Polisorbato-20, agente solubilizante<\/li><\/ul>\n\n\n\n<p><\/p>\n\n\n\n<h2><strong>En que tipo de Piel puede utilizarse este Producto y en cual No?<\/strong><\/h2>\n\n\n\n<p>El uso del peeling Paula&#8217;s Choice es recomendable para pieles normales, grasas o mixtas.<br>No es recomendable su uso en pieles secas.<\/p>\n\n\n\n<p><\/p>\n\n\n\n<h2><strong>Beneficios del Peeling Paula&#8217;s Choice<\/strong><\/h2>\n\n\n\n<p>Entre los beneficios m\u00e1s importantes que brinda el exfoliante Paula&#8217;s Choice 2% BHA, se encuentran:<\/p>\n\n\n\n<ul><li>Textura de la piel mucho m\u00e1s uniforme<\/li><li>Piel m\u00e1s brillante<\/li><li>Mejora el aspecto y tama\u00f1o de los poros<\/li><li>Reduce el enrojecimiento<\/li><li>Ayuda a aumentar el col\u00e1geno<\/li><\/ul>\n\n\n\n<p><\/p>\n\n\n\n<h2><strong>Conclusi\u00f3n<\/strong><\/h2>\n\n\n\n<p>El peeling Paula&#8217;s Choice 2% BHA definitivamente debe ser tomado en consideraci\u00f3n para una exfoliaci\u00f3n facial casera. La mayor\u00eda de personas que lo han utilizado est\u00e1n muy satisfechos con el producto.<\/p>\n\n\n\n<p>Su precio es excelente para este tipo de producto y su calidad es muy buena. As\u00ed que si es el momento de realizarte una exfoliaci\u00f3n facial, esta es una gran opci\u00f3n, siguiendo todas las indicaciones de las que te hemos hablado, claro est\u00e1.<\/p>\n\n\n\n<h2><strong>Para Comprar el Peeling Paula&#8217;s Choice 2% BHA, te presentamos esta Gran Oferta con muy Buen Precio:<\/strong><\/h2>\n\n\n<p><iframe style=\"width:120px;height:240px;\" marginwidth=\"0\" marginheight=\"0\" scrolling=\"no\" frameborder=\"0\" src=\"\/\/ws-na.amazon-adsystem.com\/widgets\/q?ServiceVersion=20070822&#038;OneJS=1&#038;Operation=GetAdHtml&#038;MarketPlace=US&#038;source=ss&#038;ref=as_ss_li_til&#038;ad_type=product_link&#038;tracking_id=sombreros0b-20&#038;language=es_US&#038;marketplace=amazon&#038;region=US&#038;placement=B00949CTQQ&#038;asins=B00949CTQQ&#038;linkId=d8ab5856db9ab0fe76632cebadd0ce0a&#038;show_border=true&#038;link_opens_in_new_window=true\"><\/iframe><\/p>\n","protected":false},"excerpt":{"rendered":"<p>El peeling Paula&rsquo;s Choice es un compuesto liposoluble que ayuda en el proceso de exfoliaci&oacute;n de la piel. Al ser soluble en grasa, ayuda no tan solo a exfoliar las capas superiores de la piel, sino que va a penetrar el poro para remover las impurezas que podemos acumular durante el dia. A continuaci&oacute;n te &#8230; <a title=\"Peeling Paula&#8217;s Choice 2% BHA\" class=\"read-more\" href=\"https:\/\/www.peelingsquimicos.com\/index.php\/peeling-paulas-choice-2-bha\/\">Leer m\u00e1s<\/a><\/p>\n","protected":false},"author":1,"featured_media":145,"parent":0,"menu_order":0,"comment_status":"closed","ping_status":"closed","template":"","meta":[],"uagb_featured_image_src":{"full":["https:\/\/www.peelingsquimicos.com\/wp-content\/uploads\/2020\/11\/Peeling-Paulas-Choice-e1606434209309.jpg",390,911,false],"thumbnail":["https:\/\/www.peelingsquimicos.com\/wp-content\/uploads\/2020\/11\/Peeling-Paulas-Choice-e1606434209309-150x150.jpg",150,150,true],"medium":["https:\/\/www.peelingsquimicos.com\/wp-content\/uploads\/2020\/11\/Peeling-Paulas-Choice-e1606434209309-128x300.jpg",128,300,true],"medium_large":["https:\/\/www.peelingsquimicos.com\/wp-content\/uploads\/2020\/11\/Peeling-Paulas-Choice-e1606434209309.jpg",390,911,false],"large":["https:\/\/www.peelingsquimicos.com\/wp-content\/uploads\/2020\/11\/Peeling-Paulas-Choice-286x1024.jpg",286,1024,true],"1536x1536":["https:\/\/www.peelingsquimicos.com\/wp-content\/uploads\/2020\/11\/Peeling-Paulas-Choice-e1606434209309.jpg",390,911,false],"2048x2048":["https:\/\/www.peelingsquimicos.com\/wp-content\/uploads\/2020\/11\/Peeling-Paulas-Choice-e1606434209309.jpg",390,911,false]},"uagb_author_info":{"display_name":"admin","author_link":"https:\/\/www.peelingsquimicos.com\/index.php\/author\/admin\/"},"uagb_comment_info":0,"uagb_excerpt":"El peeling Paula&rsquo;s Choice es un compuesto liposoluble que ayuda en el proceso de exfoliaci&oacute;n de la piel. Al ser soluble en grasa, ayuda no tan solo a exfoliar las capas superiores de la piel, sino que va a penetrar el poro para remover las impurezas que podemos acumular durante el dia. A continuaci&oacute;n te&hellip;","yoast_head":"<!-- This site is optimized with the Yoast SEO plugin v14.7 - https:\/\/yoast.com\/wordpress\/plugins\/seo\/ -->\n<title>Peeling Paula&#039;s Choice 2% BHA - Peeling Qu&iacute;mico<\/title>\n<meta name=\"description\" content=\"El peeling Paula&#039;s Choice es una excelente opcion para una exfoliacion casera. Tiene muchos beneficios, desde sus efectos hasta su precio.\" \/>\n<meta name=\"robots\" content=\"index, follow\" \/>\n<meta name=\"googlebot\" content=\"index, follow, max-snippet:-1, max-image-preview:large, max-video-preview:-1\" \/>\n<meta name=\"bingbot\" content=\"index, follow, max-snippet:-1, max-image-preview:large, max-video-preview:-1\" \/>\n<link rel=\"canonical\" href=\"https:\/\/www.peelingsquimicos.com\/index.php\/peeling-paulas-choice-2-bha\/\" \/>\n<meta property=\"og:locale\" content=\"es_ES\" \/>\n<meta property=\"og:type\" content=\"article\" \/>\n<meta property=\"og:title\" content=\"Peeling Paula&#039;s Choice 2% BHA - Peeling Qu&iacute;mico\" \/>\n<meta property=\"og:description\" content=\"El peeling Paula&#039;s Choice es una excelente opcion para una exfoliacion casera. Tiene muchos beneficios, desde sus efectos hasta su precio.\" \/>\n<meta property=\"og:url\" content=\"https:\/\/www.peelingsquimicos.com\/index.php\/peeling-paulas-choice-2-bha\/\" \/>\n<meta property=\"og:site_name\" content=\"Peeling Qu&iacute;mico\" \/>\n<meta property=\"article:modified_time\" content=\"2021-05-23T20:22:53+00:00\" \/>\n<meta property=\"og:image\" content=\"https:\/\/www.peelingsquimicos.com\/wp-content\/uploads\/2020\/11\/Peeling-Paulas-Choice-e1606434209309.jpg\" \/>\n\t<meta property=\"og:image:width\" content=\"390\" \/>\n\t<meta property=\"og:image:height\" content=\"911\" \/>\n<meta name=\"twitter:card\" content=\"summary_large_image\" \/>\n<script type=\"application\/ld+json\" class=\"yoast-schema-graph\">{\"@context\":\"https:\/\/schema.org\",\"@graph\":[{\"@type\":\"WebSite\",\"@id\":\"https:\/\/www.peelingsquimicos.com\/#website\",\"url\":\"https:\/\/www.peelingsquimicos.com\/\",\"name\":\"Peeling Qu&iacute;mico\",\"description\":\"Renovaci&oacute;n Facial en su M&aacute;xima Expresi&oacute;n\",\"potentialAction\":[{\"@type\":\"SearchAction\",\"target\":\"https:\/\/www.peelingsquimicos.com\/?s={search_term_string}\",\"query-input\":\"required name=search_term_string\"}],\"inLanguage\":\"es\"},{\"@type\":\"ImageObject\",\"@id\":\"https:\/\/www.peelingsquimicos.com\/index.php\/peeling-paulas-choice-2-bha\/#primaryimage\",\"inLanguage\":\"es\",\"url\":\"https:\/\/www.peelingsquimicos.com\/wp-content\/uploads\/2020\/11\/Peeling-Paulas-Choice-e1606434209309.jpg\",\"width\":390,\"height\":911,\"caption\":\"Peeling Paula's Choice\"},{\"@type\":\"WebPage\",\"@id\":\"https:\/\/www.peelingsquimicos.com\/index.php\/peeling-paulas-choice-2-bha\/#webpage\",\"url\":\"https:\/\/www.peelingsquimicos.com\/index.php\/peeling-paulas-choice-2-bha\/\",\"name\":\"Peeling Paula's Choice 2% BHA - Peeling Qu&iacute;mico\",\"isPartOf\":{\"@id\":\"https:\/\/www.peelingsquimicos.com\/#website\"},\"primaryImageOfPage\":{\"@id\":\"https:\/\/www.peelingsquimicos.com\/index.php\/peeling-paulas-choice-2-bha\/#primaryimage\"},\"datePublished\":\"2020-11-26T23:40:07+00:00\",\"dateModified\":\"2021-05-23T20:22:53+00:00\",\"description\":\"El peeling Paula's Choice es una excelente opcion para una exfoliacion casera. Tiene muchos beneficios, desde sus efectos hasta su precio.\",\"inLanguage\":\"es\",\"potentialAction\":[{\"@type\":\"ReadAction\",\"target\":[\"https:\/\/www.peelingsquimicos.com\/index.php\/peeling-paulas-choice-2-bha\/\"]}]}]}<\/script>\n<!-- \/ Yoast SEO plugin. -->","_links":{"self":[{"href":"https:\/\/www.peelingsquimicos.com\/index.php\/wp-json\/wp\/v2\/pages\/123"}],"collection":[{"href":"https:\/\/www.peelingsquimicos.com\/index.php\/wp-json\/wp\/v2\/pages"}],"about":[{"href":"https:\/\/www.peelingsquimicos.com\/index.php\/wp-json\/wp\/v2\/types\/page"}],"author":[{"embeddable":true,"href":"https:\/\/www.peelingsquimicos.com\/index.php\/wp-json\/wp\/v2\/users\/1"}],"replies":[{"embeddable":true,"href":"https:\/\/www.peelingsquimicos.com\/index.php\/wp-json\/wp\/v2\/comments?post=123"}],"version-history":[{"count":4,"href":"https:\/\/www.peelingsquimicos.com\/index.php\/wp-json\/wp\/v2\/pages\/123\/revisions"}],"predecessor-version":[{"id":285,"href":"https:\/\/www.peelingsquimicos.com\/index.php\/wp-json\/wp\/v2\/pages\/123\/revisions\/285"}],"wp:featuredmedia":[{"embeddable":true,"href":"https:\/\/www.peelingsquimicos.com\/index.php\/wp-json\/wp\/v2\/media\/145"}],"wp:attachment":[{"href":"https:\/\/www.peelingsquimicos.com\/index.php\/wp-json\/wp\/v2\/media?parent=123"}],"curies":[{"name":"wp","href":"https:\/\/api.w.org\/{rel}","templated":true}]}}