{"id":125,"date":"2020-11-26T02:58:15","date_gmt":"2020-11-26T02:58:15","guid":{"rendered":"https:\/\/www.peelingsquimicos.com\/?page_id=125"},"modified":"2021-05-23T22:15:50","modified_gmt":"2021-05-23T22:15:50","slug":"peeling-quimico-facial-casero","status":"publish","type":"page","link":"https:\/\/www.peelingsquimicos.com\/index.php\/peeling-quimico-facial-casero\/","title":{"rendered":"Peeling Qu\u00edmico Facial Casero &#8211; Exfoliaci\u00f3n en Casa"},"content":{"rendered":"\n<p>A la hora de aplicar un peeling qu\u00edmico en el rostro, muchas personas buscan un peeling facial casero.<\/p>\n\n\n\n<p>Si no tienes tiempo para pasar un largo d\u00eda en el centro de belleza, la idea de poder realizar este proceso sin tener que salir de casa, de forma sencilla y r\u00e1pida, puede ser muy conveniente y te encantar\u00e1. Por eso a continuaci\u00f3n te presentamos diferentes formas de hacerlo, con productos para uso en casa y de manera segura.<\/p>\n\n\n\n<p>Con un peeling qu\u00edmico facial casero se consigue realizar una exfoliaci\u00f3n, con productos que incluyen \u00e1cidos exfoliantes en bajas concentraciones. Dentro de la gama de intensidad de un peeling qu\u00edmico, los peelings caseros se encuentran dentro de la intensidad superficial.<\/p>\n\n\n\n<p>Estas soluciones no representan el peligro de causar heridas, quemaduras o irritaciones a la piel como las soluciones de intensidad media y profunda.<\/p>\n\n\n\n<p>Lo primero que se debe hacer antes de realizar un peeling casero con alguna sustancia qu\u00edmica, es lavar bien el rostro, enjuagarlo y secarlo. Luego de esto se aplicar\u00e1 el peeling con una brocha o almohadillas. El tiempo que debe permanecer en el rostro depender\u00e1 totalmente de las indicaciones escritas en el envase, por eso es muy importante leer estas indicaciones. En algunos casos es de 1-5 minutos, otros casos 10 minutos, etc.<\/p>\n\n\n\n<p>Entre muchos productos para realizar un peeling facial casero te presentamos los siguientes:<\/p>\n\n\n\n<p><\/p>\n\n\n\n<h2><strong>Peeling Qu\u00edmico Facial The Ordinary<\/strong><\/h2>\n\n\n\n<p>Este es un producto para peeling facial casero muy eficiente. El mismo es ideal para tratar manchas y para la prevenci\u00f3n de puntos negros o espinillas.<\/p>\n\n\n\n<p>Puede ser considerado por muchos el mejor producto para una exfoliaci\u00f3n casera ya que sus resultados son excelentes.<\/p>\n\n\n\n<p>Por tal raz\u00f3n te presentamos una <a href=\"https:\/\/www.peelingsquimicos.com\/index.php\/peeling-quimico-the-ordinary-el-peeling-de-10-minutos\/\">rese\u00f1a muy completa del Peeling The Ordinary<\/a>, para informarte de todo lo que debes saber acerca del mismo.<\/p>\n\n\n\n<p><\/p>\n\n\n\n<h2><strong>Exfoliante Facial Insta Natural 30% Glycolic AHA<\/strong><\/h2>\n\n\n\n<p>El producto InstaNatural de exfoliaci\u00f3n qu\u00edmica 30% glic\u00f3lico AHA es una mezcla avanzada de \u00e1cidos dise\u00f1ada para transformar el aspecto del rostro, eliminando la piel opaca acumulada y creando una apariencia m\u00e1s suave.<\/p>\n\n\n\n<p>Tambien ayuda a mejorar el tono de la piel, a reducir el aspecto de las arrugas, aporta hidrataci\u00f3n y brillo, en fin, hace lucir la piel mas joven.<\/p>\n\n\n\n<p>Esta formulado con Vitamina C, acido glic\u00f3lico, hilaur\u00f3nico y l\u00e1ctico.<\/p>\n\n\n\n<p><\/p>\n\n\n\n<h2><strong>Peeling Paula\u00b4s Choice 2% BHA<\/strong><\/h2>\n\n\n\n<p>El Paula\u00b4s Choice es un gran exfoliante casero cuyo ingrediente principal es el acido salic\u00edlico.<br>Es un peeling suave el que mejora grandemente el aspecto de la piel y su brillo. Adem\u00e1s hidrata, ayuda con los poros y las espinillas.<\/p>\n\n\n\n<p>Dado que es uno de los mejores exfoliantes caseros que podemos recomendar, hemos hecho una rese\u00f1a exclusiva para este producto. As\u00ed que si quieres conocer este peeling casero m\u00e1s a fondo y con muchos m\u00e1s detalles visita la <a href=\"https:\/\/www.peelingsquimicos.com\/index.php\/peeling-paulas-choice-2-bha\/\">rese\u00f1a del Peeling Paula\u00b4s Choice 2% BHA<\/a>.<\/p>\n\n\n\n<p><\/p>\n\n\n\n<h2><strong>Cicatricure &#8211; Sistema Facial Micro Dermoabrasi\u00f3n<\/strong><\/h2>\n\n\n\n<p>Este es un producto que incluye tres art\u00edculos que conforman 3 pasos. Los mismos son un gel exfoliante, una soluci\u00f3n exfoliante y una crema regeneradora.<\/p>\n\n\n\n<p>Consiste en la aplicaci\u00f3n diaria de cada uno de los productos, para una total renovaci\u00f3n epid\u00e9rmica.<\/p>\n\n\n\n<p>Este tambi\u00e9n es uno de los exfoliantes faciales caseros m\u00e1s recomendados por nosotros. Por tal raz\u00f3n te invitamos a conocerlo m\u00e1s a fondo y con todos los detalles en la <a href=\"https:\/\/www.peelingsquimicos.com\/index.php\/peeling-cicatricure-o-cicatricure-microdermoabrasion\/\">rese\u00f1a de Cicatricure &#8211; Sistema Facial Micro Dermoabrasi\u00f3n.<\/a><\/p>\n\n\n\n<p><\/p>\n\n\n\n<h2><strong>Divine Alpha Hydroxy Acid Skin Rejuvenation Teraphy Mandelic Acid Peel 40%<\/strong><\/h2>\n\n\n\n<p>Este es un exfoliante casero cuyo ingrediente principal es el acido mand\u00e9lico. Ideal para tratar todo tipo de acn\u00e9, incluyendo el acn\u00e9 qu\u00edstico y ablanda los puntos negros para facilitar la extracci\u00f3n.<\/p>\n\n\n\n<p>Este peeling facial casero es excelente para pieles oscuras y pieles sensibles, adem\u00e1s es muy eficaz para quienes padecen ros\u00e1cea. El \u00e1cido mand\u00e9lico reduce visiblemente el da\u00f1o solar, manchas y cicatrices dejadas por el acn\u00e9.<\/p>\n\n\n\n<p><\/p>\n\n\n\n<h2><strong>ASDM Beverly Hills Acido L\u00e1ctico al 90%<\/strong><\/h2>\n\n\n\n<p>Este producto basado en el acido glic\u00f3lico al 90% como su ingrediente principal, es ideal para rejuvenecer la piel.<\/p>\n\n\n\n<p>Esta soluci\u00f3n para peeling casero tiene un efecto hidratante que la hace ideal para pieles secas y sensibles, estimula el aumento de producci\u00f3n de fibras de col\u00e1geno y elastina, resultando en una piel m\u00e1s firme y resistente.<\/p>\n\n\n\n<p>Definitivamente este producto es altamente recomendado, por tal raz\u00f3n hemos rese\u00f1ado el mismo de manera muy completa. As\u00ed que puedes acceder a la <a href=\"https:\/\/www.peelingsquimicos.com\/index.php\/peeling-con-acido-lactico-al-90-asdm-beverly-hills\/\">rese\u00f1a del exfoliante ASDM Beverly Hills con acido l\u00e1ctico al 90%<\/a>, para aprender todo acerca de este peeling qu\u00edmico.<\/p>\n\n\n\n<p><\/p>\n\n\n\n<h2><strong>Peeling Qu\u00edmico Facial<\/strong> <strong>Dermedik &#8211; Acido Retinoico al 25% (Yellow Peel)<\/strong><\/h2>\n\n\n\n<p>El acido retinoico o tambi\u00e9n conocido como &#8220;yellow peeling&#8221; tiene la capacidad de mejorar la calidad de la piel grandemente.<\/p>\n\n\n\n<p>Este peeling qu\u00edmico facial estimula la producci\u00f3n de col\u00e1geno, ayuda con la perdida de elasticidad y las arrugas.<\/p>\n\n\n\n<p><\/p>\n\n\n\n<h2><strong>Peeling Qu\u00edmico Casero Orlette Retinol Serum 2.5%<\/strong><\/h2>\n\n\n\n<p>El retinol es un \u00e1cido ideal para reducir las arrugas, las manchas y las bolsas de los ojos. Tambien hidrata la piel tron\u00e1ndola m\u00e1s suave y tersa.<\/p>\n\n\n\n<p>Adem\u00e1s del retinol, este peeling tambi\u00e9n contiene \u00e1cido hialur\u00f3nico y vitamina E, ambos son antioxidantes que retrasan la visibilidad del envejecimiento.<\/p>\n\n\n\n<p>Este producto es altamente recomendado, por tal raz\u00f3n hemos rese\u00f1ado el mismo de manera muy completa. As\u00ed que puedes acceder a la <a href=\"https:\/\/www.peelingsquimicos.com\/index.php\/peeling-de-retinol-al-2-5-marca-orlette\/\">rese\u00f1a del exfoliante Orlette Retinol Serum 2.5%<\/a>, para aprender todo acerca de este peeling qu\u00edmico.<\/p>\n\n\n\n<p><\/p>\n\n\n\n<h2><strong>Planet Eden Sistema de Peeling Casero con Acido L\u00e1ctico al 88%<\/strong><\/h2>\n\n\n\n<p>El ingrediente activo de este peeling es el acido l\u00e1ctico con una alta concentraci\u00f3n de 88%. Este producto puede ser conveniente para personas con pieles sensibles.<\/p>\n\n\n\n<p>Adem\u00e1s esto es un &#8220;kit&#8221; que incluye una crema regeneradora y antioxidante que te ayudar\u00e1 a calmar y curar la piel luego de la descamaci\u00f3n que ocasiona en peeling qu\u00edmico. La misma contiene aloe vera, \u00e1cido hialur\u00f3nico, vitamina A y E.<\/p>\n\n\n\n<p>De entender que este peeling es adecuado para ti, es importante leer muy bien las instrucciones a la hora de utilizarlo.<\/p>\n\n\n\n<p><\/p>\n\n\n\n<h2><strong>Conclusi\u00f3n<\/strong><\/h2>\n\n\n\n<p>En esta secci\u00f3n te hemos presentado exfoliantes caseros muy buenos, que dan grandes resultados y que puedes conseguir a un buen precio.<\/p>\n\n\n\n<p>Con esta variedad de productos e informaci\u00f3n podr\u00e1s conseguir efectos satisfactorios cualquiera que sea tu prop\u00f3sito y tipo de piel.<\/p>\n\n\n\n<p>Si quieres saber acerca de otros tratamientos m\u00e1s intensos y obtener resultados m\u00e1s agresivos visita nuestra p\u00e1gina de tratamientos faciales profesionales. Recuerda que para realizarte un tratamiento m\u00e1s fuerte que estos que te presentamos aqu\u00ed, debes hacerlo en un centro o consultorio, por manos de un profesional.<\/p>\n\n\n\n<p><\/p>\n\n\n\n<h2><strong>Para Comprar estos Peelings Qu\u00edmicos, te presentamos la siguiente Selecci\u00f3n de Ofertas al Mejor Precio:<\/strong><\/h2>\n\n\n<p><iframe style=\"width:120px;height:240px;\" marginwidth=\"0\" marginheight=\"0\" scrolling=\"no\" frameborder=\"0\" src=\"\/\/ws-na.amazon-adsystem.com\/widgets\/q?ServiceVersion=20070822&#038;OneJS=1&#038;Operation=GetAdHtml&#038;MarketPlace=US&#038;source=ss&#038;ref=as_ss_li_til&#038;ad_type=product_link&#038;tracking_id=sombreros0b-20&#038;language=es_US&#038;marketplace=amazon&#038;region=US&#038;placement=B071D4D5DT&#038;asins=B071D4D5DT&#038;linkId=12b36d0e7a7d1ba217b9c9e6ded042b6&#038;show_border=true&#038;link_opens_in_new_window=true\"><\/iframe><iframe style=\"width:120px;height:240px;\" marginwidth=\"0\" marginheight=\"0\" scrolling=\"no\" frameborder=\"0\" src=\"\/\/ws-na.amazon-adsystem.com\/widgets\/q?ServiceVersion=20070822&#038;OneJS=1&#038;Operation=GetAdHtml&#038;MarketPlace=US&#038;source=ss&#038;ref=as_ss_li_til&#038;ad_type=product_link&#038;tracking_id=sombreros0b-20&#038;language=es_US&#038;marketplace=amazon&#038;region=US&#038;placement=B08L9SPRK3&#038;asins=B08L9SPRK3&#038;linkId=af77d62c589a54438bf910979afd914a&#038;show_border=true&#038;link_opens_in_new_window=true\"><\/iframe><iframe style=\"width:120px;height:240px;\" marginwidth=\"0\" marginheight=\"0\" scrolling=\"no\" frameborder=\"0\" src=\"\/\/ws-na.amazon-adsystem.com\/widgets\/q?ServiceVersion=20070822&#038;OneJS=1&#038;Operation=GetAdHtml&#038;MarketPlace=US&#038;source=ss&#038;ref=as_ss_li_til&#038;ad_type=product_link&#038;tracking_id=sombreros0b-20&#038;language=es_US&#038;marketplace=amazon&#038;region=US&#038;placement=B00949CTQQ&#038;asins=B00949CTQQ&#038;linkId=ea0d649fead5586ee00cec379c3bb8f0&#038;show_border=true&#038;link_opens_in_new_window=true\"><\/iframe><iframe style=\"width:120px;height:240px;\" marginwidth=\"0\" marginheight=\"0\" scrolling=\"no\" frameborder=\"0\" src=\"\/\/ws-na.amazon-adsystem.com\/widgets\/q?ServiceVersion=20070822&#038;OneJS=1&#038;Operation=GetAdHtml&#038;MarketPlace=US&#038;source=ss&#038;ref=as_ss_li_til&#038;ad_type=product_link&#038;tracking_id=sombreros0b-20&#038;language=es_US&#038;marketplace=amazon&#038;region=US&#038;placement=B01FW6BI34&#038;asins=B01FW6BI34&#038;linkId=1c8762fa3d259aa41781cf9ac45469b7&#038;show_border=true&#038;link_opens_in_new_window=true\"><\/iframe><iframe style=\"width:120px;height:240px;\" marginwidth=\"0\" marginheight=\"0\" scrolling=\"no\" frameborder=\"0\" src=\"\/\/ws-na.amazon-adsystem.com\/widgets\/q?ServiceVersion=20070822&#038;OneJS=1&#038;Operation=GetAdHtml&#038;MarketPlace=US&#038;source=ss&#038;ref=as_ss_li_til&#038;ad_type=product_link&#038;tracking_id=sombreros0b-20&#038;language=es_US&#038;marketplace=amazon&#038;region=US&#038;placement=B07253TTCC&#038;asins=B07253TTCC&#038;linkId=23fd1baa4ad0f42e0ce5c70ac572debb&#038;show_border=true&#038;link_opens_in_new_window=true\"><\/iframe><iframe style=\"width:120px;height:240px;\" marginwidth=\"0\" marginheight=\"0\" scrolling=\"no\" frameborder=\"0\" src=\"\/\/ws-na.amazon-adsystem.com\/widgets\/q?ServiceVersion=20070822&#038;OneJS=1&#038;Operation=GetAdHtml&#038;MarketPlace=US&#038;source=ss&#038;ref=as_ss_li_til&#038;ad_type=product_link&#038;tracking_id=sombreros0b-20&#038;language=es_US&#038;marketplace=amazon&#038;region=US&#038;placement=B005HZ6110&#038;asins=B005HZ6110&#038;linkId=5655066de18be4dbd09b3c9fe771a63d&#038;show_border=true&#038;link_opens_in_new_window=true\"><\/iframe><iframe style=\"width:120px;height:240px;\" marginwidth=\"0\" marginheight=\"0\" scrolling=\"no\" frameborder=\"0\" src=\"\/\/ws-na.amazon-adsystem.com\/widgets\/q?ServiceVersion=20070822&#038;OneJS=1&#038;Operation=GetAdHtml&#038;MarketPlace=US&#038;source=ss&#038;ref=as_ss_li_til&#038;ad_type=product_link&#038;tracking_id=sombreros0b-20&#038;language=es_US&#038;marketplace=amazon&#038;region=US&#038;placement=B07FDM82QJ&#038;asins=B07FDM82QJ&#038;linkId=da302941aa643e6ac858c6391d3715ab&#038;show_border=true&#038;link_opens_in_new_window=true\"><\/iframe><iframe style=\"width:120px;height:240px;\" marginwidth=\"0\" marginheight=\"0\" scrolling=\"no\" frameborder=\"0\" src=\"\/\/ws-na.amazon-adsystem.com\/widgets\/q?ServiceVersion=20070822&#038;OneJS=1&#038;Operation=GetAdHtml&#038;MarketPlace=US&#038;source=ss&#038;ref=as_ss_li_til&#038;ad_type=product_link&#038;tracking_id=sombreros0b-20&#038;language=es_US&#038;marketplace=amazon&#038;region=US&#038;placement=B07SZGYN8X&#038;asins=B07SZGYN8X&#038;linkId=5b6662d82358be41380a53c10273daea&#038;show_border=true&#038;link_opens_in_new_window=true\"><\/iframe><iframe style=\"width:120px;height:240px;\" marginwidth=\"0\" marginheight=\"0\" scrolling=\"no\" frameborder=\"0\" src=\"\/\/ws-na.amazon-adsystem.com\/widgets\/q?ServiceVersion=20070822&#038;OneJS=1&#038;Operation=GetAdHtml&#038;MarketPlace=US&#038;source=ss&#038;ref=as_ss_li_til&#038;ad_type=product_link&#038;tracking_id=sombreros0b-20&#038;language=es_US&#038;marketplace=amazon&#038;region=US&#038;placement=B00AZQXIE4&#038;asins=B00AZQXIE4&#038;linkId=c468c4727b6254501bb0b275e96082dc&#038;show_border=true&#038;link_opens_in_new_window=true\"><\/iframe><\/p>\n","protected":false},"excerpt":{"rendered":"<p>A la hora de aplicar un peeling qu&iacute;mico en el rostro, muchas personas buscan un peeling facial casero. Si no tienes tiempo para pasar un largo d&iacute;a en el centro de belleza, la idea de poder realizar este proceso sin tener que salir de casa, de forma sencilla y r&aacute;pida, puede ser muy conveniente y &#8230; <a title=\"Peeling Qu\u00edmico Facial Casero &#8211; Exfoliaci\u00f3n en Casa\" class=\"read-more\" href=\"https:\/\/www.peelingsquimicos.com\/index.php\/peeling-quimico-facial-casero\/\">Leer m\u00e1s<\/a><\/p>\n","protected":false},"author":1,"featured_media":130,"parent":0,"menu_order":0,"comment_status":"closed","ping_status":"closed","template":"","meta":[],"uagb_featured_image_src":{"full":["https:\/\/www.peelingsquimicos.com\/wp-content\/uploads\/2020\/11\/Peeling-Facial-Casero.jpg",613,919,false],"thumbnail":["https:\/\/www.peelingsquimicos.com\/wp-content\/uploads\/2020\/11\/Peeling-Facial-Casero-150x150.jpg",150,150,true],"medium":["https:\/\/www.peelingsquimicos.com\/wp-content\/uploads\/2020\/11\/Peeling-Facial-Casero-200x300.jpg",200,300,true],"medium_large":["https:\/\/www.peelingsquimicos.com\/wp-content\/uploads\/2020\/11\/Peeling-Facial-Casero.jpg",613,919,false],"large":["https:\/\/www.peelingsquimicos.com\/wp-content\/uploads\/2020\/11\/Peeling-Facial-Casero.jpg",613,919,false],"1536x1536":["https:\/\/www.peelingsquimicos.com\/wp-content\/uploads\/2020\/11\/Peeling-Facial-Casero.jpg",613,919,false],"2048x2048":["https:\/\/www.peelingsquimicos.com\/wp-content\/uploads\/2020\/11\/Peeling-Facial-Casero.jpg",613,919,false]},"uagb_author_info":{"display_name":"admin","author_link":"https:\/\/www.peelingsquimicos.com\/index.php\/author\/admin\/"},"uagb_comment_info":0,"uagb_excerpt":"A la hora de aplicar un peeling qu&iacute;mico en el rostro, muchas personas buscan un peeling facial casero. Si no tienes tiempo para pasar un largo d&iacute;a en el centro de belleza, la idea de poder realizar este proceso sin tener que salir de casa, de forma sencilla y r&aacute;pida, puede ser muy conveniente y&hellip;","yoast_head":"<!-- This site is optimized with the Yoast SEO plugin v14.7 - https:\/\/yoast.com\/wordpress\/plugins\/seo\/ -->\n<title>Peeling Qu\u00edmico Facial Casero - Exfoliaci\u00f3n en Casa - Peeling Qu&iacute;mico<\/title>\n<meta name=\"description\" content=\"Aprende lo que es un peeling qu\u00edmico facial casero y cuales son los mejores. Te presentamos los productos m\u00e1s eficaces para esta exfoliaci\u00f3n.\" \/>\n<meta name=\"robots\" content=\"index, follow\" \/>\n<meta name=\"googlebot\" content=\"index, follow, max-snippet:-1, max-image-preview:large, max-video-preview:-1\" \/>\n<meta name=\"bingbot\" content=\"index, follow, max-snippet:-1, max-image-preview:large, max-video-preview:-1\" \/>\n<link rel=\"canonical\" href=\"https:\/\/www.peelingsquimicos.com\/index.php\/peeling-quimico-facial-casero\/\" \/>\n<meta property=\"og:locale\" content=\"es_ES\" \/>\n<meta property=\"og:type\" content=\"article\" \/>\n<meta property=\"og:title\" content=\"Peeling Qu\u00edmico Facial Casero - Exfoliaci\u00f3n en Casa - Peeling Qu&iacute;mico\" \/>\n<meta property=\"og:description\" content=\"Aprende lo que es un peeling qu\u00edmico facial casero y cuales son los mejores. Te presentamos los productos m\u00e1s eficaces para esta exfoliaci\u00f3n.\" \/>\n<meta property=\"og:url\" content=\"https:\/\/www.peelingsquimicos.com\/index.php\/peeling-quimico-facial-casero\/\" \/>\n<meta property=\"og:site_name\" content=\"Peeling Qu&iacute;mico\" \/>\n<meta property=\"article:modified_time\" content=\"2021-05-23T22:15:50+00:00\" \/>\n<meta property=\"og:image\" content=\"https:\/\/www.peelingsquimicos.com\/wp-content\/uploads\/2020\/11\/Peeling-Facial-Casero.jpg\" \/>\n\t<meta property=\"og:image:width\" content=\"613\" \/>\n\t<meta property=\"og:image:height\" content=\"919\" \/>\n<meta name=\"twitter:card\" content=\"summary_large_image\" \/>\n<script type=\"application\/ld+json\" class=\"yoast-schema-graph\">{\"@context\":\"https:\/\/schema.org\",\"@graph\":[{\"@type\":\"WebSite\",\"@id\":\"https:\/\/www.peelingsquimicos.com\/#website\",\"url\":\"https:\/\/www.peelingsquimicos.com\/\",\"name\":\"Peeling Qu&iacute;mico\",\"description\":\"Renovaci&oacute;n Facial en su M&aacute;xima Expresi&oacute;n\",\"potentialAction\":[{\"@type\":\"SearchAction\",\"target\":\"https:\/\/www.peelingsquimicos.com\/?s={search_term_string}\",\"query-input\":\"required name=search_term_string\"}],\"inLanguage\":\"es\"},{\"@type\":\"ImageObject\",\"@id\":\"https:\/\/www.peelingsquimicos.com\/index.php\/peeling-quimico-facial-casero\/#primaryimage\",\"inLanguage\":\"es\",\"url\":\"https:\/\/www.peelingsquimicos.com\/wp-content\/uploads\/2020\/11\/Peeling-Facial-Casero.jpg\",\"width\":613,\"height\":919,\"caption\":\"Peeling Qu\\u00edmico Facial Casero\"},{\"@type\":\"WebPage\",\"@id\":\"https:\/\/www.peelingsquimicos.com\/index.php\/peeling-quimico-facial-casero\/#webpage\",\"url\":\"https:\/\/www.peelingsquimicos.com\/index.php\/peeling-quimico-facial-casero\/\",\"name\":\"Peeling Qu\\u00edmico Facial Casero - Exfoliaci\\u00f3n en Casa - Peeling Qu&iacute;mico\",\"isPartOf\":{\"@id\":\"https:\/\/www.peelingsquimicos.com\/#website\"},\"primaryImageOfPage\":{\"@id\":\"https:\/\/www.peelingsquimicos.com\/index.php\/peeling-quimico-facial-casero\/#primaryimage\"},\"datePublished\":\"2020-11-26T02:58:15+00:00\",\"dateModified\":\"2021-05-23T22:15:50+00:00\",\"description\":\"Aprende lo que es un peeling qu\\u00edmico facial casero y cuales son los mejores. Te presentamos los productos m\\u00e1s eficaces para esta exfoliaci\\u00f3n.\",\"inLanguage\":\"es\",\"potentialAction\":[{\"@type\":\"ReadAction\",\"target\":[\"https:\/\/www.peelingsquimicos.com\/index.php\/peeling-quimico-facial-casero\/\"]}]}]}<\/script>\n<!-- \/ Yoast SEO plugin. -->","_links":{"self":[{"href":"https:\/\/www.peelingsquimicos.com\/index.php\/wp-json\/wp\/v2\/pages\/125"}],"collection":[{"href":"https:\/\/www.peelingsquimicos.com\/index.php\/wp-json\/wp\/v2\/pages"}],"about":[{"href":"https:\/\/www.peelingsquimicos.com\/index.php\/wp-json\/wp\/v2\/types\/page"}],"author":[{"embeddable":true,"href":"https:\/\/www.peelingsquimicos.com\/index.php\/wp-json\/wp\/v2\/users\/1"}],"replies":[{"embeddable":true,"href":"https:\/\/www.peelingsquimicos.com\/index.php\/wp-json\/wp\/v2\/comments?post=125"}],"version-history":[{"count":7,"href":"https:\/\/www.peelingsquimicos.com\/index.php\/wp-json\/wp\/v2\/pages\/125\/revisions"}],"predecessor-version":[{"id":288,"href":"https:\/\/www.peelingsquimicos.com\/index.php\/wp-json\/wp\/v2\/pages\/125\/revisions\/288"}],"wp:featuredmedia":[{"embeddable":true,"href":"https:\/\/www.peelingsquimicos.com\/index.php\/wp-json\/wp\/v2\/media\/130"}],"wp:attachment":[{"href":"https:\/\/www.peelingsquimicos.com\/index.php\/wp-json\/wp\/v2\/media?parent=125"}],"curies":[{"name":"wp","href":"https:\/\/api.w.org\/{rel}","templated":true}]}}