{"id":163,"date":"2020-11-28T20:49:53","date_gmt":"2020-11-28T20:49:53","guid":{"rendered":"https:\/\/www.peelingsquimicos.com\/?page_id=163"},"modified":"2021-05-23T19:56:33","modified_gmt":"2021-05-23T19:56:33","slug":"peeling-con-acido-lactico-al-90-asdm-beverly-hills","status":"publish","type":"page","link":"https:\/\/www.peelingsquimicos.com\/index.php\/peeling-con-acido-lactico-al-90-asdm-beverly-hills\/","title":{"rendered":"Peeling con \u00c1cido L\u00e1ctico al 90% ASDM Beverly Hills"},"content":{"rendered":"\n<p>El peeling con acido l\u00e1ctico es ideal para pieles secas y sensibles. El mismo favorece la producci\u00f3n del col\u00e1geno y elastina resultando en una piel m\u00e1s firme y resistente. La marca ASDM Beverly Hills es una marca de productos qu\u00edmicos para el tratado de la piel que tiene un sitial confiable en la industria desde el 2010 y este es uno de sus grandes productos.<\/p>\n\n\n\n<p>Este exfoliante es una muy buena y econ\u00f3mica alternativa para quien busca tratarse con un \u00e1cido un poco m\u00e1s agresivo en sus concentraciones que los peelings caseros convencionales.<\/p>\n\n\n\n<h2><strong>Como se usa el Peeling con Acido L\u00e1ctico al 90%<\/strong><\/h2>\n\n\n\n<p>El peeling incluye unas instrucciones de preparaci\u00f3n y luego de realizarla se debe aplicar la sustancia sobre el rostro aproximadamente durante 5 minutos. Es normal que durante este tiempo se sienta un hormigueo en el rostro, luego de este paso se procede a enjuagar el rostro.<\/p>\n\n\n\n<p>Si durante el procedimiento, aparte del hormigueo, comienza a sentir alguna incomodidad ya sea quemaz\u00f3n o dolor, debe adelantar su remoci\u00f3n con agua.<\/p>\n\n\n\n<p>Tambi\u00e9n debemos recordar que antes de aplicar el peeling qu\u00edmico se debe hacer una limpieza del rostro.<\/p>\n\n\n\n<h2><strong>Ingredientes del Peeling con Acido L\u00e1ctico al 90%<\/strong> <strong>ASDM Beverly Hills<\/strong><\/h2>\n\n\n\n<p>Como sabemos, el ingrediente principal de esta soluci\u00f3n exfoliante es el acido l\u00e1ctico, pero entre sus ingredientes tambi\u00e9n se encuentra el agua destilada.<\/p>\n\n\n\n<p><\/p>\n\n\n\n<h2><strong>Beneficios <\/strong><\/h2>\n\n\n\n<p>Los principales beneficios de este peeling es que ayuda a tratar afecciones como:<\/p>\n\n\n\n<ul><li>Melasma o Hiperpigmentaci\u00f3n<\/li><li>Manchas solares<\/li><li>Manchas de edad<\/li><li>Piel \u00e1spera y opaca<\/li><li>Decoloraci\u00f3n<\/li><li>Acn\u00e9<\/li><li>Piel sensible y seca<\/li><\/ul>\n\n\n\n<p>Tambien cabe destacar que el \u00e1cido l\u00e1ctico ASDM se obtiene de forma natural a trav\u00e9s de la biofermentaci\u00f3n del almid\u00f3n de ma\u00edz y no altera el PH natural de la piel. Adem\u00e1s, este peeling es uno a base de plantas, libre de parabeno y libre de crueldad<\/p>\n\n\n\n<h2><strong>Contraindicaciones <\/strong><\/h2>\n\n\n\n<p>Este producto no puede ser utilizado con retinol. Tampoco lo use si tiene eccema, psoriasis o ros\u00e1cea. Adem\u00e1s debe evitar la exposici\u00f3n directa al sol y usar protector solar entre tratamientos.<\/p>\n\n\n\n<h2><strong>Conclusi\u00f3n<\/strong><\/h2>\n\n\n\n<p>Como podemos ver, peeling con Acido L\u00e1ctico al 90%, es muy beneficioso para tratar ciertas afecciones de la piel. A esto le podemos sumar que su precio es uno bastante accesible.<\/p>\n\n\n\n<p>Si tomamos en cuenta las claras contraindicaciones y se utiliza como se debe, es una gran opci\u00f3n a la hora de realizarse un peeling qu\u00edmico facial.<\/p>\n\n\n\n<h2><strong>Para Comprar el Acido L\u00e1ctico al 90% ASDM Beverly Hills, te presentamos las siguientes Ofertas al Mejor Precio:<\/strong><\/h2>\n\n\n<p><iframe style=\"width:120px;height:240px;\" marginwidth=\"0\" marginheight=\"0\" scrolling=\"no\" frameborder=\"0\" src=\"\/\/ws-na.amazon-adsystem.com\/widgets\/q?ServiceVersion=20070822&#038;OneJS=1&#038;Operation=GetAdHtml&#038;MarketPlace=US&#038;source=ss&#038;ref=as_ss_li_til&#038;ad_type=product_link&#038;tracking_id=sombreros0b-20&#038;language=es_US&#038;marketplace=amazon&#038;region=US&#038;placement=B005HZ6110&#038;asins=B005HZ6110&#038;linkId=7c96d9f07d53c17906557b5a2ad9ecdf&#038;show_border=true&#038;link_opens_in_new_window=true\"><\/iframe><iframe style=\"width:120px;height:240px;\" marginwidth=\"0\" marginheight=\"0\" scrolling=\"no\" frameborder=\"0\" src=\"\/\/ws-na.amazon-adsystem.com\/widgets\/q?ServiceVersion=20070822&#038;OneJS=1&#038;Operation=GetAdHtml&#038;MarketPlace=US&#038;source=ss&#038;ref=as_ss_li_til&#038;ad_type=product_link&#038;tracking_id=sombreros0b-20&#038;language=es_US&#038;marketplace=amazon&#038;region=US&#038;placement=B00AIWMS8C&#038;asins=B00AIWMS8C&#038;linkId=9da15fd22138f5df80d2dfa1d0a37a9d&#038;show_border=true&#038;link_opens_in_new_window=true\"><\/iframe><\/p>\n","protected":false},"excerpt":{"rendered":"<p>El peeling con acido l&aacute;ctico es ideal para pieles secas y sensibles. El mismo favorece la producci&oacute;n del col&aacute;geno y elastina resultando en una piel m&aacute;s firme y resistente. La marca ASDM Beverly Hills es una marca de productos qu&iacute;micos para el tratado de la piel que tiene un sitial confiable en la industria desde &#8230; <a title=\"Peeling con \u00c1cido L\u00e1ctico al 90% ASDM Beverly Hills\" class=\"read-more\" href=\"https:\/\/www.peelingsquimicos.com\/index.php\/peeling-con-acido-lactico-al-90-asdm-beverly-hills\/\">Leer m\u00e1s<\/a><\/p>\n","protected":false},"author":1,"featured_media":172,"parent":0,"menu_order":0,"comment_status":"closed","ping_status":"closed","template":"","meta":[],"uagb_featured_image_src":{"full":["https:\/\/www.peelingsquimicos.com\/wp-content\/uploads\/2020\/11\/Peeling-con-Acido-Lactico.jpg",1500,1500,false],"thumbnail":["https:\/\/www.peelingsquimicos.com\/wp-content\/uploads\/2020\/11\/Peeling-con-Acido-Lactico-150x150.jpg",150,150,true],"medium":["https:\/\/www.peelingsquimicos.com\/wp-content\/uploads\/2020\/11\/Peeling-con-Acido-Lactico-300x300.jpg",300,300,true],"medium_large":["https:\/\/www.peelingsquimicos.com\/wp-content\/uploads\/2020\/11\/Peeling-con-Acido-Lactico-768x768.jpg",768,768,true],"large":["https:\/\/www.peelingsquimicos.com\/wp-content\/uploads\/2020\/11\/Peeling-con-Acido-Lactico-1024x1024.jpg",1024,1024,true],"1536x1536":["https:\/\/www.peelingsquimicos.com\/wp-content\/uploads\/2020\/11\/Peeling-con-Acido-Lactico.jpg",1500,1500,false],"2048x2048":["https:\/\/www.peelingsquimicos.com\/wp-content\/uploads\/2020\/11\/Peeling-con-Acido-Lactico.jpg",1500,1500,false]},"uagb_author_info":{"display_name":"admin","author_link":"https:\/\/www.peelingsquimicos.com\/index.php\/author\/admin\/"},"uagb_comment_info":0,"uagb_excerpt":"El peeling con acido l&aacute;ctico es ideal para pieles secas y sensibles. El mismo favorece la producci&oacute;n del col&aacute;geno y elastina resultando en una piel m&aacute;s firme y resistente. La marca ASDM Beverly Hills es una marca de productos qu&iacute;micos para el tratado de la piel que tiene un sitial confiable en la industria desde&hellip;","yoast_head":"<!-- This site is optimized with the Yoast SEO plugin v14.7 - https:\/\/yoast.com\/wordpress\/plugins\/seo\/ -->\n<title>Peeling con \u00c1cido L\u00e1ctico al 90% ASDM Beverly Hills - Peeling Qu&iacute;mico<\/title>\n<meta name=\"description\" content=\"El peeling con \u00e1cido l\u00e1ctico puede resultar muy beneficioso para la piel. Conoce todo lo que debes saber acerca de su tratamiento.\" \/>\n<meta name=\"robots\" content=\"index, follow\" \/>\n<meta name=\"googlebot\" content=\"index, follow, max-snippet:-1, max-image-preview:large, max-video-preview:-1\" \/>\n<meta name=\"bingbot\" content=\"index, follow, max-snippet:-1, max-image-preview:large, max-video-preview:-1\" \/>\n<link rel=\"canonical\" href=\"https:\/\/www.peelingsquimicos.com\/index.php\/peeling-con-acido-lactico-al-90-asdm-beverly-hills\/\" \/>\n<meta property=\"og:locale\" content=\"es_ES\" \/>\n<meta property=\"og:type\" content=\"article\" \/>\n<meta property=\"og:title\" content=\"Peeling con \u00c1cido L\u00e1ctico al 90% ASDM Beverly Hills - Peeling Qu&iacute;mico\" \/>\n<meta property=\"og:description\" content=\"El peeling con \u00e1cido l\u00e1ctico puede resultar muy beneficioso para la piel. Conoce todo lo que debes saber acerca de su tratamiento.\" \/>\n<meta property=\"og:url\" content=\"https:\/\/www.peelingsquimicos.com\/index.php\/peeling-con-acido-lactico-al-90-asdm-beverly-hills\/\" \/>\n<meta property=\"og:site_name\" content=\"Peeling Qu&iacute;mico\" \/>\n<meta property=\"article:modified_time\" content=\"2021-05-23T19:56:33+00:00\" \/>\n<meta property=\"og:image\" content=\"https:\/\/www.peelingsquimicos.com\/wp-content\/uploads\/2020\/11\/Peeling-con-Acido-Lactico.jpg\" \/>\n\t<meta property=\"og:image:width\" content=\"1500\" \/>\n\t<meta property=\"og:image:height\" content=\"1500\" \/>\n<meta name=\"twitter:card\" content=\"summary_large_image\" \/>\n<script type=\"application\/ld+json\" class=\"yoast-schema-graph\">{\"@context\":\"https:\/\/schema.org\",\"@graph\":[{\"@type\":\"WebSite\",\"@id\":\"https:\/\/www.peelingsquimicos.com\/#website\",\"url\":\"https:\/\/www.peelingsquimicos.com\/\",\"name\":\"Peeling Qu&iacute;mico\",\"description\":\"Renovaci&oacute;n Facial en su M&aacute;xima Expresi&oacute;n\",\"potentialAction\":[{\"@type\":\"SearchAction\",\"target\":\"https:\/\/www.peelingsquimicos.com\/?s={search_term_string}\",\"query-input\":\"required name=search_term_string\"}],\"inLanguage\":\"es\"},{\"@type\":\"ImageObject\",\"@id\":\"https:\/\/www.peelingsquimicos.com\/index.php\/peeling-con-acido-lactico-al-90-asdm-beverly-hills\/#primaryimage\",\"inLanguage\":\"es\",\"url\":\"https:\/\/www.peelingsquimicos.com\/wp-content\/uploads\/2020\/11\/Peeling-con-Acido-Lactico.jpg\",\"width\":1500,\"height\":1500,\"caption\":\"Peeling con \\u00c1cido L\\u00e1ctico\"},{\"@type\":\"WebPage\",\"@id\":\"https:\/\/www.peelingsquimicos.com\/index.php\/peeling-con-acido-lactico-al-90-asdm-beverly-hills\/#webpage\",\"url\":\"https:\/\/www.peelingsquimicos.com\/index.php\/peeling-con-acido-lactico-al-90-asdm-beverly-hills\/\",\"name\":\"Peeling con \\u00c1cido L\\u00e1ctico al 90% ASDM Beverly Hills - Peeling Qu&iacute;mico\",\"isPartOf\":{\"@id\":\"https:\/\/www.peelingsquimicos.com\/#website\"},\"primaryImageOfPage\":{\"@id\":\"https:\/\/www.peelingsquimicos.com\/index.php\/peeling-con-acido-lactico-al-90-asdm-beverly-hills\/#primaryimage\"},\"datePublished\":\"2020-11-28T20:49:53+00:00\",\"dateModified\":\"2021-05-23T19:56:33+00:00\",\"description\":\"El peeling con \\u00e1cido l\\u00e1ctico puede resultar muy beneficioso para la piel. Conoce todo lo que debes saber acerca de su tratamiento.\",\"inLanguage\":\"es\",\"potentialAction\":[{\"@type\":\"ReadAction\",\"target\":[\"https:\/\/www.peelingsquimicos.com\/index.php\/peeling-con-acido-lactico-al-90-asdm-beverly-hills\/\"]}]}]}<\/script>\n<!-- \/ Yoast SEO plugin. -->","_links":{"self":[{"href":"https:\/\/www.peelingsquimicos.com\/index.php\/wp-json\/wp\/v2\/pages\/163"}],"collection":[{"href":"https:\/\/www.peelingsquimicos.com\/index.php\/wp-json\/wp\/v2\/pages"}],"about":[{"href":"https:\/\/www.peelingsquimicos.com\/index.php\/wp-json\/wp\/v2\/types\/page"}],"author":[{"embeddable":true,"href":"https:\/\/www.peelingsquimicos.com\/index.php\/wp-json\/wp\/v2\/users\/1"}],"replies":[{"embeddable":true,"href":"https:\/\/www.peelingsquimicos.com\/index.php\/wp-json\/wp\/v2\/comments?post=163"}],"version-history":[{"count":4,"href":"https:\/\/www.peelingsquimicos.com\/index.php\/wp-json\/wp\/v2\/pages\/163\/revisions"}],"predecessor-version":[{"id":283,"href":"https:\/\/www.peelingsquimicos.com\/index.php\/wp-json\/wp\/v2\/pages\/163\/revisions\/283"}],"wp:featuredmedia":[{"embeddable":true,"href":"https:\/\/www.peelingsquimicos.com\/index.php\/wp-json\/wp\/v2\/media\/172"}],"wp:attachment":[{"href":"https:\/\/www.peelingsquimicos.com\/index.php\/wp-json\/wp\/v2\/media?parent=163"}],"curies":[{"name":"wp","href":"https:\/\/api.w.org\/{rel}","templated":true}]}}