{"id":165,"date":"2020-11-28T20:57:12","date_gmt":"2020-11-28T20:57:12","guid":{"rendered":"https:\/\/www.peelingsquimicos.com\/?page_id=165"},"modified":"2021-05-23T20:18:26","modified_gmt":"2021-05-23T20:18:26","slug":"peeling-de-retinol-al-2-5-marca-orlette","status":"publish","type":"page","link":"https:\/\/www.peelingsquimicos.com\/index.php\/peeling-de-retinol-al-2-5-marca-orlette\/","title":{"rendered":"Peeling de Retinol al 2.5% &#8211; Marca Orlette"},"content":{"rendered":"\n<p>El peeling de retinol es un producto que ayuda a combatir la aparici\u00f3n del envejecimiento. Adem\u00e1s hidrata la piel, mejora el tono y aclara manchas.<\/p>\n\n\n\n<p>El retinol es un derivado de la Vitamina A, del cual se ha comprobado su poder regenerativo sobre la piel. La marca Orlette nos ofrece una gran versi\u00f3n del mismo y a un buen precio.<\/p>\n\n\n\n<p><\/p>\n\n\n\n<h2><strong>Como se usa el Peeling de Retinol Serum 2.5%<\/strong><\/h2>\n\n\n\n<p>Como todo peeling qu\u00edmico, antes de utilizarlo se debe limpiar y secar muy bien el rostro.<br>Este peeling debe aplicarse sobre el rostro seco y dejarlo el tiempo suficiente para que lo absorba. Luego se puede aplicar una crema humectante o bloqueador solar.<\/p>\n\n\n\n<p>Su gotero facilita el control de la cantidad utilizada y solo se necesitan unas 2 gotas para cubrir completamente la cara.<\/p>\n\n\n\n<p>La mayor\u00eda de los sueros de retinol resecan un poco la piel luego de utilizarlo. Al cabo de una semana se pueden comenzar a ver resultados.<\/p>\n\n\n\n<p><\/p>\n\n\n\n<h2><strong>Ingredientes del Peeling de Retinol Serum 2.5%<\/strong><\/h2>\n\n\n\n<p>El ingrediente principal de esta soluci\u00f3n qu\u00edmica es el retinol al 2.5%, pero adem\u00e1s de este, el exfoliante cuenta con los siguientes ingredientes:<\/p>\n\n\n\n<ul><li>Vitamina A<\/li><li>\u00c1cido Hilaur\u00e1nico<\/li><li>Vitamina E<\/li><li>Aceite de Jojoba<\/li><\/ul>\n\n\n\n<p><\/p>\n\n\n\n<h2><strong>Beneficios <\/strong><\/h2>\n\n\n\n<p>Los beneficios principales de la exfoliaci\u00f3n con el retinol 2.5% son los siguientes:<\/p>\n\n\n\n<ul><li>Reduce las l\u00edneas finas y arrugas<\/li><li>Ayuda con las manchas de edad, otras manchas y marcas producidas por el acn\u00e9<\/li><li>Hidrata la piel<\/li><li>Mejora el tono de la piel<\/li><li>Cuenta con agentes antioxidantes<\/li><\/ul>\n\n\n\n<p><\/p>\n\n\n\n<h2><strong>Contraindicaciones <\/strong><\/h2>\n\n\n\n<p>Este producto no debe tener contacto con los ojos y se debe suspender su uso si se produce irritaci\u00f3n o enrojecimiento fuera de lo normal.<\/p>\n\n\n\n<h2><strong>Conclusi\u00f3n<\/strong><\/h2>\n\n\n\n<p>El peeling de retinol es uno que ofrece unos excelentes resultados para tratar las afecciones ya mencionadas. As\u00ed que si est\u00e1s buscando los beneficios que ofrece este peeling, esta es una opci\u00f3n que definitivamente debes tomar en consideraci\u00f3n.<\/p>\n\n\n\n<p><\/p>\n\n\n\n<h2><strong>Para Comprar el Peeling de Retinol al 2.5% de la Marca Orlette, te mostramos esta Excelente Oferta con el Mejor Precio:<\/strong><\/h2>\n\n\n<p><iframe style=\"width:120px;height:240px;\" marginwidth=\"0\" marginheight=\"0\" scrolling=\"no\" frameborder=\"0\" src=\"\/\/ws-na.amazon-adsystem.com\/widgets\/q?ServiceVersion=20070822&#038;OneJS=1&#038;Operation=GetAdHtml&#038;MarketPlace=US&#038;source=ss&#038;ref=as_ss_li_til&#038;ad_type=product_link&#038;tracking_id=sombreros0b-20&#038;language=es_US&#038;marketplace=amazon&#038;region=US&#038;placement=B07SZGYN8X&#038;asins=B07SZGYN8X&#038;linkId=dd8c912bb99f5e1c6f42ba725c2d2bb5&#038;show_border=true&#038;link_opens_in_new_window=true\"><\/iframe><\/p>\n","protected":false},"excerpt":{"rendered":"<p>El peeling de retinol es un producto que ayuda a combatir la aparici&oacute;n del envejecimiento. Adem&aacute;s hidrata la piel, mejora el tono y aclara manchas. El retinol es un derivado de la Vitamina A, del cual se ha comprobado su poder regenerativo sobre la piel. La marca Orlette nos ofrece una gran versi&oacute;n del mismo &#8230; <a title=\"Peeling de Retinol al 2.5% &#8211; Marca Orlette\" class=\"read-more\" href=\"https:\/\/www.peelingsquimicos.com\/index.php\/peeling-de-retinol-al-2-5-marca-orlette\/\">Leer m\u00e1s<\/a><\/p>\n","protected":false},"author":1,"featured_media":174,"parent":0,"menu_order":0,"comment_status":"closed","ping_status":"closed","template":"","meta":[],"uagb_featured_image_src":{"full":["https:\/\/www.peelingsquimicos.com\/wp-content\/uploads\/2020\/11\/Peeling-de-retinol.jpg",1396,1500,false],"thumbnail":["https:\/\/www.peelingsquimicos.com\/wp-content\/uploads\/2020\/11\/Peeling-de-retinol-150x150.jpg",150,150,true],"medium":["https:\/\/www.peelingsquimicos.com\/wp-content\/uploads\/2020\/11\/Peeling-de-retinol-279x300.jpg",279,300,true],"medium_large":["https:\/\/www.peelingsquimicos.com\/wp-content\/uploads\/2020\/11\/Peeling-de-retinol-768x825.jpg",768,825,true],"large":["https:\/\/www.peelingsquimicos.com\/wp-content\/uploads\/2020\/11\/Peeling-de-retinol-953x1024.jpg",953,1024,true],"1536x1536":["https:\/\/www.peelingsquimicos.com\/wp-content\/uploads\/2020\/11\/Peeling-de-retinol.jpg",1396,1500,false],"2048x2048":["https:\/\/www.peelingsquimicos.com\/wp-content\/uploads\/2020\/11\/Peeling-de-retinol.jpg",1396,1500,false]},"uagb_author_info":{"display_name":"admin","author_link":"https:\/\/www.peelingsquimicos.com\/index.php\/author\/admin\/"},"uagb_comment_info":0,"uagb_excerpt":"El peeling de retinol es un producto que ayuda a combatir la aparici&oacute;n del envejecimiento. Adem&aacute;s hidrata la piel, mejora el tono y aclara manchas. El retinol es un derivado de la Vitamina A, del cual se ha comprobado su poder regenerativo sobre la piel. La marca Orlette nos ofrece una gran versi&oacute;n del mismo&hellip;","yoast_head":"<!-- This site is optimized with the Yoast SEO plugin v14.7 - https:\/\/yoast.com\/wordpress\/plugins\/seo\/ -->\n<title>Peeling de Retinol al 2.5% - Marca Orlette - Peeling Qu&iacute;mico<\/title>\n<meta name=\"description\" content=\"El peeling de retinol es uno de los tratamientos con mejores resultados dentro de la est\u00e9tica facial. Conoce lo que debes saber acerca de el.\" \/>\n<meta name=\"robots\" content=\"index, follow\" \/>\n<meta name=\"googlebot\" content=\"index, follow, max-snippet:-1, max-image-preview:large, max-video-preview:-1\" \/>\n<meta name=\"bingbot\" content=\"index, follow, max-snippet:-1, max-image-preview:large, max-video-preview:-1\" \/>\n<link rel=\"canonical\" href=\"https:\/\/www.peelingsquimicos.com\/index.php\/peeling-de-retinol-al-2-5-marca-orlette\/\" \/>\n<meta property=\"og:locale\" content=\"es_ES\" \/>\n<meta property=\"og:type\" content=\"article\" \/>\n<meta property=\"og:title\" content=\"Peeling de Retinol al 2.5% - Marca Orlette - Peeling Qu&iacute;mico\" \/>\n<meta property=\"og:description\" content=\"El peeling de retinol es uno de los tratamientos con mejores resultados dentro de la est\u00e9tica facial. Conoce lo que debes saber acerca de el.\" \/>\n<meta property=\"og:url\" content=\"https:\/\/www.peelingsquimicos.com\/index.php\/peeling-de-retinol-al-2-5-marca-orlette\/\" \/>\n<meta property=\"og:site_name\" content=\"Peeling Qu&iacute;mico\" \/>\n<meta property=\"article:modified_time\" content=\"2021-05-23T20:18:26+00:00\" \/>\n<meta property=\"og:image\" content=\"https:\/\/www.peelingsquimicos.com\/wp-content\/uploads\/2020\/11\/Peeling-de-retinol.jpg\" \/>\n\t<meta property=\"og:image:width\" content=\"1396\" \/>\n\t<meta property=\"og:image:height\" content=\"1500\" \/>\n<meta name=\"twitter:card\" content=\"summary_large_image\" \/>\n<script type=\"application\/ld+json\" class=\"yoast-schema-graph\">{\"@context\":\"https:\/\/schema.org\",\"@graph\":[{\"@type\":\"WebSite\",\"@id\":\"https:\/\/www.peelingsquimicos.com\/#website\",\"url\":\"https:\/\/www.peelingsquimicos.com\/\",\"name\":\"Peeling Qu&iacute;mico\",\"description\":\"Renovaci&oacute;n Facial en su M&aacute;xima Expresi&oacute;n\",\"potentialAction\":[{\"@type\":\"SearchAction\",\"target\":\"https:\/\/www.peelingsquimicos.com\/?s={search_term_string}\",\"query-input\":\"required name=search_term_string\"}],\"inLanguage\":\"es\"},{\"@type\":\"ImageObject\",\"@id\":\"https:\/\/www.peelingsquimicos.com\/index.php\/peeling-de-retinol-al-2-5-marca-orlette\/#primaryimage\",\"inLanguage\":\"es\",\"url\":\"https:\/\/www.peelingsquimicos.com\/wp-content\/uploads\/2020\/11\/Peeling-de-retinol.jpg\",\"width\":1396,\"height\":1500,\"caption\":\"Peeling de retinol\"},{\"@type\":\"WebPage\",\"@id\":\"https:\/\/www.peelingsquimicos.com\/index.php\/peeling-de-retinol-al-2-5-marca-orlette\/#webpage\",\"url\":\"https:\/\/www.peelingsquimicos.com\/index.php\/peeling-de-retinol-al-2-5-marca-orlette\/\",\"name\":\"Peeling de Retinol al 2.5% - Marca Orlette - Peeling Qu&iacute;mico\",\"isPartOf\":{\"@id\":\"https:\/\/www.peelingsquimicos.com\/#website\"},\"primaryImageOfPage\":{\"@id\":\"https:\/\/www.peelingsquimicos.com\/index.php\/peeling-de-retinol-al-2-5-marca-orlette\/#primaryimage\"},\"datePublished\":\"2020-11-28T20:57:12+00:00\",\"dateModified\":\"2021-05-23T20:18:26+00:00\",\"description\":\"El peeling de retinol es uno de los tratamientos con mejores resultados dentro de la est\\u00e9tica facial. Conoce lo que debes saber acerca de el.\",\"inLanguage\":\"es\",\"potentialAction\":[{\"@type\":\"ReadAction\",\"target\":[\"https:\/\/www.peelingsquimicos.com\/index.php\/peeling-de-retinol-al-2-5-marca-orlette\/\"]}]}]}<\/script>\n<!-- \/ Yoast SEO plugin. -->","_links":{"self":[{"href":"https:\/\/www.peelingsquimicos.com\/index.php\/wp-json\/wp\/v2\/pages\/165"}],"collection":[{"href":"https:\/\/www.peelingsquimicos.com\/index.php\/wp-json\/wp\/v2\/pages"}],"about":[{"href":"https:\/\/www.peelingsquimicos.com\/index.php\/wp-json\/wp\/v2\/types\/page"}],"author":[{"embeddable":true,"href":"https:\/\/www.peelingsquimicos.com\/index.php\/wp-json\/wp\/v2\/users\/1"}],"replies":[{"embeddable":true,"href":"https:\/\/www.peelingsquimicos.com\/index.php\/wp-json\/wp\/v2\/comments?post=165"}],"version-history":[{"count":5,"href":"https:\/\/www.peelingsquimicos.com\/index.php\/wp-json\/wp\/v2\/pages\/165\/revisions"}],"predecessor-version":[{"id":284,"href":"https:\/\/www.peelingsquimicos.com\/index.php\/wp-json\/wp\/v2\/pages\/165\/revisions\/284"}],"wp:featuredmedia":[{"embeddable":true,"href":"https:\/\/www.peelingsquimicos.com\/index.php\/wp-json\/wp\/v2\/media\/174"}],"wp:attachment":[{"href":"https:\/\/www.peelingsquimicos.com\/index.php\/wp-json\/wp\/v2\/media?parent=165"}],"curies":[{"name":"wp","href":"https:\/\/api.w.org\/{rel}","templated":true}]}}