{"id":205,"date":"2020-12-31T15:23:12","date_gmt":"2020-12-31T15:23:12","guid":{"rendered":"https:\/\/www.peelingsquimicos.com\/?page_id=205"},"modified":"2021-05-23T23:03:13","modified_gmt":"2021-05-23T23:03:13","slug":"peeling-corporal-touch-keratosis-acne","status":"publish","type":"page","link":"https:\/\/www.peelingsquimicos.com\/index.php\/peeling-corporal-touch-keratosis-acne\/","title":{"rendered":"Touch Keratosis Pilaris &#038; Acne &#8211; Peeling Corporal"},"content":{"rendered":"\n<p>El peeling corporal Touch Keratosis Pilaris &amp; Acne, es un exfoliante muy eficiente para el cuerpo. Sus ingredientes principales son el acido glic\u00f3lico, acido salic\u00edlico y acido hialur\u00f3nico. Adicional a estos tambi\u00e9n est\u00e1n incluidos la glicerina, el aloe y agua purificada. Este producto est\u00e1 hecho en forma de jab\u00f3n de ba\u00f1o, con lo que te permite limpiar tu cuerpo y exfoliarlo a la misma vez.<\/p>\n\n\n\n<p>Este peeling es ideal pata combatir la queratosis y el acn\u00e9 en el area de la espalda. Tambi\u00e9n es muy efectivo para tratar callos en los pies, combate la aspereza en las piernas y los granos en los muslos y gl\u00fateos. <\/p>\n\n\n\n<h2><strong>Beneficios del Peeling Touch Keratosis Pilaris &amp; Acne<\/strong><\/h2>\n\n\n\n<p>Como su nombre indica, este exfoliante es ideal para combatir la queratosis y el acn\u00e9, suavizando la piel \u00e1spera y deshaci\u00e9ndose del enrojecimiento. Tambi\u00e9n ayuda con el tono de piel desigual y reduce la sequedad manteni\u00e9ndola hidratada.<\/p>\n\n\n\n<h2><strong>Resultados al utilizar el Peeling Touch Keratosis<\/strong><\/h2>\n\n\n\n<p>Los resultados beneficiosos podr\u00e1s notarlos al cabo de dos semanas si se usa de manera consistente. Provee una limpieza refrescante y contiene aromas c\u00edtricos ligeros.<\/p>\n\n\n\n<p>La marca Touch cuenta con una pol\u00edtica de satisfacci\u00f3n garantizada y su producto exfoliante esta inspeccionado por la FDA.<\/p>\n\n\n\n<h2><strong>Tomar en cuenta<\/strong><\/h2>\n\n\n\n<p>El producto exfoliante Touch resulta muy eficiente pero cabe destacar que no es un producto milagroso. La mejor\u00eda se comienza a notar aproximadamente a las dos semanas y su uso debe ser constante.<\/p>\n\n\n\n<p>Algunos compradores del producto han reflejado inconformidad por que el resultado no ha sido el que esperaban.<\/p>\n\n\n\n<h2><strong>Conclusi\u00f3n<\/strong><\/h2>\n\n\n\n<p>El peeling Touch Keratosis Pilaris &amp; Acne es uno muy eficiente, que ofrece buenos resultados y con una relaci\u00f3n de calidad y precio aceptable.<\/p>\n\n\n\n<p>Si est\u00e1s en busca de un peeling para el cuerpo, este definitivamente es una buena opci\u00f3n. Si quieres conocer m\u00e1s acerca de los peelings qu\u00edmicos corporales y peelings qu\u00edmicos en general, navega nuestra p\u00e1gina donde te brindamos toda la informaci\u00f3n necesaria acerca de los peelings qu\u00edmicos.<\/p>\n\n\n\n<p><\/p>\n\n\n\n<h2><strong>Para Comprar el Peeling Touch Keratosis al Mejor Precio, te presentamos esta Gran Oferta:<\/strong><\/h2>\n\n\n<p><iframe style=\"width:120px;height:240px;\" marginwidth=\"0\" marginheight=\"0\" scrolling=\"no\" frameborder=\"0\" src=\"\/\/ws-na.amazon-adsystem.com\/widgets\/q?ServiceVersion=20070822&#038;OneJS=1&#038;Operation=GetAdHtml&#038;MarketPlace=US&#038;source=ss&#038;ref=as_ss_li_til&#038;ad_type=product_link&#038;tracking_id=sombreros0b-20&#038;language=es_US&#038;marketplace=amazon&#038;region=US&#038;placement=B06XFJT3P7&#038;asins=B06XFJT3P7&#038;linkId=ed9a67f218f86c0d4d22088d390512ad&#038;show_border=true&#038;link_opens_in_new_window=true\"><\/iframe><\/p>\n","protected":false},"excerpt":{"rendered":"<p>El peeling corporal Touch Keratosis Pilaris &amp; Acne, es un exfoliante muy eficiente para el cuerpo. Sus ingredientes principales son el acido glic&oacute;lico, acido salic&iacute;lico y acido hialur&oacute;nico. Adicional a estos tambi&eacute;n est&aacute;n incluidos la glicerina, el aloe y agua purificada. Este producto est&aacute; hecho en forma de jab&oacute;n de ba&ntilde;o, con lo que te &#8230; <a title=\"Touch Keratosis Pilaris &#038; Acne &#8211; Peeling Corporal\" class=\"read-more\" href=\"https:\/\/www.peelingsquimicos.com\/index.php\/peeling-corporal-touch-keratosis-acne\/\">Leer m\u00e1s<\/a><\/p>\n","protected":false},"author":1,"featured_media":206,"parent":0,"menu_order":0,"comment_status":"closed","ping_status":"closed","template":"","meta":[],"uagb_featured_image_src":{"full":["https:\/\/www.peelingsquimicos.com\/wp-content\/uploads\/2020\/12\/Touch-Keratosis.jpg",425,1500,false],"thumbnail":["https:\/\/www.peelingsquimicos.com\/wp-content\/uploads\/2020\/12\/Touch-Keratosis-150x150.jpg",150,150,true],"medium":["https:\/\/www.peelingsquimicos.com\/wp-content\/uploads\/2020\/12\/Touch-Keratosis-85x300.jpg",85,300,true],"medium_large":["https:\/\/www.peelingsquimicos.com\/wp-content\/uploads\/2020\/12\/Touch-Keratosis.jpg",425,1500,false],"large":["https:\/\/www.peelingsquimicos.com\/wp-content\/uploads\/2020\/12\/Touch-Keratosis-290x1024.jpg",290,1024,true],"1536x1536":["https:\/\/www.peelingsquimicos.com\/wp-content\/uploads\/2020\/12\/Touch-Keratosis.jpg",425,1500,false],"2048x2048":["https:\/\/www.peelingsquimicos.com\/wp-content\/uploads\/2020\/12\/Touch-Keratosis.jpg",425,1500,false]},"uagb_author_info":{"display_name":"admin","author_link":"https:\/\/www.peelingsquimicos.com\/index.php\/author\/admin\/"},"uagb_comment_info":0,"uagb_excerpt":"El peeling corporal Touch Keratosis Pilaris &amp; Acne, es un exfoliante muy eficiente para el cuerpo. Sus ingredientes principales son el acido glic&oacute;lico, acido salic&iacute;lico y acido hialur&oacute;nico. Adicional a estos tambi&eacute;n est&aacute;n incluidos la glicerina, el aloe y agua purificada. Este producto est&aacute; hecho en forma de jab&oacute;n de ba&ntilde;o, con lo que te&hellip;","yoast_head":"<!-- This site is optimized with the Yoast SEO plugin v14.7 - https:\/\/yoast.com\/wordpress\/plugins\/seo\/ -->\n<title>Touch Keratosis Pilaris &amp; Acne - Peeling Corporal - Peeling Qu&iacute;mico<\/title>\n<meta name=\"description\" content=\"El peeling corporal Touch Keratosis &amp; Acne es ideal para combatir el acn\u00e9 y la queratosis en el \u00e1rea de la espalda y el resto del cuerpo.\" \/>\n<meta name=\"robots\" content=\"index, follow\" \/>\n<meta name=\"googlebot\" content=\"index, follow, max-snippet:-1, max-image-preview:large, max-video-preview:-1\" \/>\n<meta name=\"bingbot\" content=\"index, follow, max-snippet:-1, max-image-preview:large, max-video-preview:-1\" \/>\n<link rel=\"canonical\" href=\"https:\/\/www.peelingsquimicos.com\/index.php\/peeling-corporal-touch-keratosis-acne\/\" \/>\n<meta property=\"og:locale\" content=\"es_ES\" \/>\n<meta property=\"og:type\" content=\"article\" \/>\n<meta property=\"og:title\" content=\"Touch Keratosis Pilaris &amp; Acne - Peeling Corporal - Peeling Qu&iacute;mico\" \/>\n<meta property=\"og:description\" content=\"El peeling corporal Touch Keratosis &amp; Acne es ideal para combatir el acn\u00e9 y la queratosis en el \u00e1rea de la espalda y el resto del cuerpo.\" \/>\n<meta property=\"og:url\" content=\"https:\/\/www.peelingsquimicos.com\/index.php\/peeling-corporal-touch-keratosis-acne\/\" \/>\n<meta property=\"og:site_name\" content=\"Peeling Qu&iacute;mico\" \/>\n<meta property=\"article:modified_time\" content=\"2021-05-23T23:03:13+00:00\" \/>\n<meta property=\"og:image\" content=\"https:\/\/www.peelingsquimicos.com\/wp-content\/uploads\/2020\/12\/Touch-Keratosis.jpg\" \/>\n\t<meta property=\"og:image:width\" content=\"425\" \/>\n\t<meta property=\"og:image:height\" content=\"1500\" \/>\n<meta name=\"twitter:card\" content=\"summary_large_image\" \/>\n<script type=\"application\/ld+json\" class=\"yoast-schema-graph\">{\"@context\":\"https:\/\/schema.org\",\"@graph\":[{\"@type\":\"WebSite\",\"@id\":\"https:\/\/www.peelingsquimicos.com\/#website\",\"url\":\"https:\/\/www.peelingsquimicos.com\/\",\"name\":\"Peeling Qu&iacute;mico\",\"description\":\"Renovaci&oacute;n Facial en su M&aacute;xima Expresi&oacute;n\",\"potentialAction\":[{\"@type\":\"SearchAction\",\"target\":\"https:\/\/www.peelingsquimicos.com\/?s={search_term_string}\",\"query-input\":\"required name=search_term_string\"}],\"inLanguage\":\"es\"},{\"@type\":\"ImageObject\",\"@id\":\"https:\/\/www.peelingsquimicos.com\/index.php\/peeling-corporal-touch-keratosis-acne\/#primaryimage\",\"inLanguage\":\"es\",\"url\":\"https:\/\/www.peelingsquimicos.com\/wp-content\/uploads\/2020\/12\/Touch-Keratosis.jpg\",\"width\":425,\"height\":1500,\"caption\":\"Touch Keratosis\"},{\"@type\":\"WebPage\",\"@id\":\"https:\/\/www.peelingsquimicos.com\/index.php\/peeling-corporal-touch-keratosis-acne\/#webpage\",\"url\":\"https:\/\/www.peelingsquimicos.com\/index.php\/peeling-corporal-touch-keratosis-acne\/\",\"name\":\"Touch Keratosis Pilaris & Acne - Peeling Corporal - Peeling Qu&iacute;mico\",\"isPartOf\":{\"@id\":\"https:\/\/www.peelingsquimicos.com\/#website\"},\"primaryImageOfPage\":{\"@id\":\"https:\/\/www.peelingsquimicos.com\/index.php\/peeling-corporal-touch-keratosis-acne\/#primaryimage\"},\"datePublished\":\"2020-12-31T15:23:12+00:00\",\"dateModified\":\"2021-05-23T23:03:13+00:00\",\"description\":\"El peeling corporal Touch Keratosis & Acne es ideal para combatir el acn\\u00e9 y la queratosis en el \\u00e1rea de la espalda y el resto del cuerpo.\",\"inLanguage\":\"es\",\"potentialAction\":[{\"@type\":\"ReadAction\",\"target\":[\"https:\/\/www.peelingsquimicos.com\/index.php\/peeling-corporal-touch-keratosis-acne\/\"]}]}]}<\/script>\n<!-- \/ Yoast SEO plugin. -->","_links":{"self":[{"href":"https:\/\/www.peelingsquimicos.com\/index.php\/wp-json\/wp\/v2\/pages\/205"}],"collection":[{"href":"https:\/\/www.peelingsquimicos.com\/index.php\/wp-json\/wp\/v2\/pages"}],"about":[{"href":"https:\/\/www.peelingsquimicos.com\/index.php\/wp-json\/wp\/v2\/types\/page"}],"author":[{"embeddable":true,"href":"https:\/\/www.peelingsquimicos.com\/index.php\/wp-json\/wp\/v2\/users\/1"}],"replies":[{"embeddable":true,"href":"https:\/\/www.peelingsquimicos.com\/index.php\/wp-json\/wp\/v2\/comments?post=205"}],"version-history":[{"count":2,"href":"https:\/\/www.peelingsquimicos.com\/index.php\/wp-json\/wp\/v2\/pages\/205\/revisions"}],"predecessor-version":[{"id":299,"href":"https:\/\/www.peelingsquimicos.com\/index.php\/wp-json\/wp\/v2\/pages\/205\/revisions\/299"}],"wp:featuredmedia":[{"embeddable":true,"href":"https:\/\/www.peelingsquimicos.com\/index.php\/wp-json\/wp\/v2\/media\/206"}],"wp:attachment":[{"href":"https:\/\/www.peelingsquimicos.com\/index.php\/wp-json\/wp\/v2\/media?parent=205"}],"curies":[{"name":"wp","href":"https:\/\/api.w.org\/{rel}","templated":true}]}}