{"id":208,"date":"2020-12-31T16:09:34","date_gmt":"2020-12-31T16:09:34","guid":{"rendered":"https:\/\/www.peelingsquimicos.com\/?page_id=208"},"modified":"2021-05-23T19:08:05","modified_gmt":"2021-05-23T19:08:05","slug":"almohadillas-exfoliantes","status":"publish","type":"page","link":"https:\/\/www.peelingsquimicos.com\/index.php\/almohadillas-exfoliantes\/","title":{"rendered":"Almohadillas Exfoliantes, Ligeras y Convenientes"},"content":{"rendered":"\n<p>Para una exfoliaci\u00f3n de manera simple y f\u00e1cil existen las almohadillas exfoliantes. Estas vienen saturadas con una sustancia qu\u00edmica que har\u00e1n la funci\u00f3n de peeling de acuerdo al tipo de \u00e1cido incluido. Este tipo de almohadillas pueden utilizarse tanto en el rostro como en el cuerpo.<\/p>\n\n\n\n<p>Se recomienda utilizar detr\u00e1s de la oreja o en la barbilla, a modo de prueba, antes de utilizarla sobre el resto de la piel. Con esto podemos comprobar si somos al\u00e9rgicos o susceptibles al tipo de sustancia en la almohadilla.<br>Se debe aplicar sobre el area y esto ayudar\u00e1 a remover las c\u00e9lulas muertas entre otros beneficios principales como: refinar los poros, suavizar la superficie, controlar el acn\u00e9, entre otros.<\/p>\n\n\n\n<h2><strong>Marcas de Almohadillas Exfoliantes<\/strong><\/h2>\n\n\n\n<p>Las almohadillas son un producto muy utilizado y por tal raz\u00f3n existen varios versiones de ellas y de diferentes marcas. A continuaci\u00f3n te presentamos almohadillas exfoliantes muy eficientes y efectivas.<\/p>\n\n\n\n<h2><strong>Almohadillas Exfoliantes QRx Labs<\/strong><\/h2>\n\n\n\n<div class=\"wp-block-image\"><figure class=\"aligncenter size-large is-resized\"><img loading=\"lazy\" src=\"https:\/\/www.peelingsquimicos.com\/wp-content\/uploads\/2020\/12\/Almohadillas-Exfoliantes.jpg\" alt=\"almohadillas exfoliantes\" class=\"wp-image-209\" width=\"424\" height=\"430\" srcset=\"https:\/\/www.peelingsquimicos.com\/wp-content\/uploads\/2020\/12\/Almohadillas-Exfoliantes.jpg 931w, https:\/\/www.peelingsquimicos.com\/wp-content\/uploads\/2020\/12\/Almohadillas-Exfoliantes-296x300.jpg 296w, https:\/\/www.peelingsquimicos.com\/wp-content\/uploads\/2020\/12\/Almohadillas-Exfoliantes-768x780.jpg 768w\" sizes=\"(max-width: 424px) 100vw, 424px\" \/><\/figure><\/div>\n\n\n\n<p>Las Almohadillas de la marca QRx Labs est\u00e1n saturadas con una soluci\u00f3n que contiene 20% de \u00e1cido glic\u00f3lico puro.<br>Est\u00e1n potenciadas con vitaminas B5, C y E. Estos son grandes antioxidantes que dejar\u00e1n la piel bien hidratada. Adem\u00e1s ayudan a reparar el da\u00f1o fotogr\u00e1fico que provocan los rayos ultravioleta.<\/p>\n\n\n\n<h3><strong>Ingredientes<\/strong><\/h3>\n\n\n\n<p>Aparte de su ingrediente principal que es el \u00e1cido glic\u00f3lico en un 20%, estas almohadillas incluyen los siguientes ingredientes:<\/p>\n\n\n\n<ul><li>Hidr\u00f3xido de Sodio<\/li><li>Vitamina B5<\/li><li>Polisorbato 20<\/li><li>Agua destilada<\/li><li>Glicerina vegetal<\/li><li>Vitamina E<\/li><li>Vitamina C<\/li><li>Extractos de te verde (act\u00faan como agentes anti-inflamatorios y antioxidantes)<\/li><\/ul>\n\n\n\n<h3><strong>Beneficios<\/strong><\/h3>\n\n\n\n<p>Adem\u00e1s de los beneficios ya mencionados, las almohadillas exfoliantes QRx Labs proporcionan los siguientes beneficios:<\/p>\n\n\n\n<ul><li>Reduce la apariencia de las l\u00edneas finas<\/li><li>Fomenta la generaci\u00f3n del col\u00e1geno<\/li><li>Reduce la apariencia de las arrugas<\/li><li>Brinda una piel m\u00e1s joven y radiante<\/li><\/ul>\n\n\n\n<p><\/p>\n\n\n\n<h2><strong>Almohadillas Exfoliantes<\/strong> <strong>L&#8217;Or\u00e9al Paris Revitalift Laser Peeling <\/strong><\/h2>\n\n\n\n<div class=\"wp-block-image\"><figure class=\"aligncenter size-large is-resized\"><img loading=\"lazy\" src=\"https:\/\/www.peelingsquimicos.com\/wp-content\/uploads\/2020\/12\/Almohadillas-exfoliantes-2-1024x781.jpg\" alt=\"almohadillas exfoliantes\" class=\"wp-image-210\" width=\"521\" height=\"397\" srcset=\"https:\/\/www.peelingsquimicos.com\/wp-content\/uploads\/2020\/12\/Almohadillas-exfoliantes-2-1024x781.jpg 1024w, https:\/\/www.peelingsquimicos.com\/wp-content\/uploads\/2020\/12\/Almohadillas-exfoliantes-2-300x229.jpg 300w, https:\/\/www.peelingsquimicos.com\/wp-content\/uploads\/2020\/12\/Almohadillas-exfoliantes-2-768x586.jpg 768w, https:\/\/www.peelingsquimicos.com\/wp-content\/uploads\/2020\/12\/Almohadillas-exfoliantes-2.jpg 1168w\" sizes=\"(max-width: 521px) 100vw, 521px\" \/><\/figure><\/div>\n\n\n\n<p>Las almohadillas de la marca L&#8217;Or\u00e9al tambi\u00e9n son muy efectivas para exfoliaci\u00f3n. Este producto es excelente para tratar manchas.<\/p>\n\n\n\n<p>Se debe utilizar en la noche y al d\u00eda siguiente debe aplicarse un protector solar. <strong>Su ingrediente principal es el \u00e1cido glic\u00f3lico<\/strong> combinado con agentes suavizantes.<\/p>\n\n\n\n<h3><strong>Beneficios<\/strong><\/h3>\n\n\n\n<p>Algunos de los beneficios principales de estas almohadillas exfoliantes son:<\/p>\n\n\n\n<ul><li>Hidrataci\u00f3n <\/li><li>Sirve de calmante para la piel<\/li><li>Restaura y suaviza la piel seca o \u00e1spera<\/li><li>Proporciona una piel suave, sedosa y resplandeciente<\/li><li>Prepara la piel para el uso de productos corporales y para mejorar una aplicaci\u00f3n de autobronceado.<\/li><\/ul>\n\n\n\n<p><\/p>\n\n\n\n<p><\/p>\n\n\n\n<h2><strong>Para que puedas Comprar Las Mejores Almohadillas para Exfoliac\u00f3n, te presentamos la siguiente Selecci\u00f3n de Ofertas con los Mejores Precios:<\/strong><\/h2>\n\n\n<p><iframe style=\"width:120px;height:240px;\" marginwidth=\"0\" marginheight=\"0\" scrolling=\"no\" frameborder=\"0\" src=\"\/\/ws-na.amazon-adsystem.com\/widgets\/q?ServiceVersion=20070822&amp;OneJS=1&amp;Operation=GetAdHtml&amp;MarketPlace=US&amp;source=ss&amp;ref=as_ss_li_til&amp;ad_type=product_link&amp;tracking_id=sombreros0b-20&amp;language=es_US&amp;marketplace=amazon&amp;region=US&amp;placement=B07JQG2WF5&amp;asins=B07JQG2WF5&amp;linkId=943db2834c0afd175e4e5318b144d323&amp;show_border=true&amp;link_opens_in_new_window=true\"><\/iframe><iframe style=\"width:120px;height:240px;\" marginwidth=\"0\" marginheight=\"0\" scrolling=\"no\" frameborder=\"0\" src=\"\/\/ws-na.amazon-adsystem.com\/widgets\/q?ServiceVersion=20070822&amp;OneJS=1&amp;Operation=GetAdHtml&amp;MarketPlace=US&amp;source=ss&amp;ref=as_ss_li_til&amp;ad_type=product_link&amp;tracking_id=sombreros0b-20&amp;language=es_US&amp;marketplace=amazon&amp;region=US&amp;placement=B01F7SUHX4&amp;asins=B01F7SUHX4&amp;linkId=8591b155b405ea2950a9c82cb09eacfe&amp;show_border=true&amp;link_opens_in_new_window=true\"><\/iframe><iframe style=\"width:120px;height:240px;\" marginwidth=\"0\" marginheight=\"0\" scrolling=\"no\" frameborder=\"0\" src=\"\/\/ws-na.amazon-adsystem.com\/widgets\/q?ServiceVersion=20070822&amp;OneJS=1&amp;Operation=GetAdHtml&amp;MarketPlace=US&amp;source=ss&amp;ref=as_ss_li_til&amp;ad_type=product_link&amp;tracking_id=sombreros0b-20&amp;language=es_US&amp;marketplace=amazon&amp;region=US&amp;placement=B07QNJDJMS&amp;asins=B07QNJDJMS&amp;linkId=eb86e6fe00862afec69af72c0e4f704e&amp;show_border=true&amp;link_opens_in_new_window=true\"><\/iframe><iframe style=\"width:120px;height:240px;\" marginwidth=\"0\" marginheight=\"0\" scrolling=\"no\" frameborder=\"0\" src=\"\/\/ws-na.amazon-adsystem.com\/widgets\/q?ServiceVersion=20070822&amp;OneJS=1&amp;Operation=GetAdHtml&amp;MarketPlace=US&amp;source=ss&amp;ref=as_ss_li_til&amp;ad_type=product_link&amp;tracking_id=sombreros0b-20&amp;language=es_US&amp;marketplace=amazon&amp;region=US&amp;placement=B08LH8F2C2&amp;asins=B08LH8F2C2&amp;linkId=eb93a9e0856a4fb9f4678c3d0423e53e&amp;show_border=true&amp;link_opens_in_new_window=true\"><\/iframe><iframe style=\"width:120px;height:240px;\" marginwidth=\"0\" marginheight=\"0\" scrolling=\"no\" frameborder=\"0\" src=\"\/\/ws-na.amazon-adsystem.com\/widgets\/q?ServiceVersion=20070822&amp;OneJS=1&amp;Operation=GetAdHtml&amp;MarketPlace=US&amp;source=ss&amp;ref=as_ss_li_til&amp;ad_type=product_link&amp;tracking_id=sombreros0b-20&amp;language=es_US&amp;marketplace=amazon&amp;region=US&amp;placement=B07C468P8P&amp;asins=B07C468P8P&amp;linkId=7ce20f38eddd05a254b2fb0d84b5d43e&amp;show_border=true&amp;link_opens_in_new_window=true\"><\/iframe><iframe style=\"width:120px;height:240px;\" marginwidth=\"0\" marginheight=\"0\" scrolling=\"no\" frameborder=\"0\" src=\"\/\/ws-na.amazon-adsystem.com\/widgets\/q?ServiceVersion=20070822&amp;OneJS=1&amp;Operation=GetAdHtml&amp;MarketPlace=US&amp;source=ss&amp;ref=as_ss_li_til&amp;ad_type=product_link&amp;tracking_id=sombreros0b-20&amp;language=es_US&amp;marketplace=amazon&amp;region=US&amp;placement=B07D5HZKXJ&amp;asins=B07D5HZKXJ&amp;linkId=36f1078c7b7b0d09eb3095c26cbeb40f&amp;show_border=true&amp;link_opens_in_new_window=true\"><\/iframe><\/p>\n\n\n<p><iframe style=\"width:120px;height:240px;\" marginwidth=\"0\" marginheight=\"0\" scrolling=\"no\" frameborder=\"0\" src=\"\/\/ws-na.amazon-adsystem.com\/widgets\/q?ServiceVersion=20070822&#038;OneJS=1&#038;Operation=GetAdHtml&#038;MarketPlace=US&#038;source=ss&#038;ref=as_ss_li_til&#038;ad_type=product_link&#038;tracking_id=sombreros0b-20&#038;language=es_US&#038;marketplace=amazon&#038;region=US&#038;placement=B00BL5LB2Y&#038;asins=B00BL5LB2Y&#038;linkId=67afb3fadb8b61912dd2fb12484a1394&#038;show_border=true&#038;link_opens_in_new_window=true\"><\/iframe><iframe style=\"width:120px;height:240px;\" marginwidth=\"0\" marginheight=\"0\" scrolling=\"no\" frameborder=\"0\" src=\"\/\/ws-na.amazon-adsystem.com\/widgets\/q?ServiceVersion=20070822&#038;OneJS=1&#038;Operation=GetAdHtml&#038;MarketPlace=US&#038;source=ss&#038;ref=as_ss_li_til&#038;ad_type=product_link&#038;tracking_id=sombreros0b-20&#038;language=es_US&#038;marketplace=amazon&#038;region=US&#038;placement=B010SAF0YC&#038;asins=B010SAF0YC&#038;linkId=d35354f77c26373f3cca15c2411604ea&#038;show_border=true&#038;link_opens_in_new_window=true\"><\/iframe><iframe style=\"width:120px;height:240px;\" marginwidth=\"0\" marginheight=\"0\" scrolling=\"no\" frameborder=\"0\" src=\"\/\/ws-na.amazon-adsystem.com\/widgets\/q?ServiceVersion=20070822&#038;OneJS=1&#038;Operation=GetAdHtml&#038;MarketPlace=US&#038;source=ss&#038;ref=as_ss_li_til&#038;ad_type=product_link&#038;tracking_id=sombreros0b-20&#038;language=es_US&#038;marketplace=amazon&#038;region=US&#038;placement=B07G1ML455&#038;asins=B07G1ML455&#038;linkId=1a6104a318382dd38b4a1f30c9dfd865&#038;show_border=true&#038;link_opens_in_new_window=true\"><\/iframe><iframe style=\"width:120px;height:240px;\" marginwidth=\"0\" marginheight=\"0\" scrolling=\"no\" frameborder=\"0\" src=\"\/\/ws-na.amazon-adsystem.com\/widgets\/q?ServiceVersion=20070822&#038;OneJS=1&#038;Operation=GetAdHtml&#038;MarketPlace=US&#038;source=ss&#038;ref=as_ss_li_til&#038;ad_type=product_link&#038;tracking_id=sombreros0b-20&#038;language=es_US&#038;marketplace=amazon&#038;region=US&#038;placement=B005I2MP62&#038;asins=B005I2MP62&#038;linkId=cfde3d4f32ea86912acd9b73b07fd00a&#038;show_border=true&#038;link_opens_in_new_window=true\"><\/iframe><iframe style=\"width:120px;height:240px;\" marginwidth=\"0\" marginheight=\"0\" scrolling=\"no\" frameborder=\"0\" src=\"\/\/ws-na.amazon-adsystem.com\/widgets\/q?ServiceVersion=20070822&#038;OneJS=1&#038;Operation=GetAdHtml&#038;MarketPlace=US&#038;source=ss&#038;ref=as_ss_li_til&#038;ad_type=product_link&#038;tracking_id=sombreros0b-20&#038;language=es_US&#038;marketplace=amazon&#038;region=US&#038;placement=B089TPYFX3&#038;asins=B089TPYFX3&#038;linkId=7b919b0fbf62b066c46a490ba10a171a&#038;show_border=true&#038;link_opens_in_new_window=true\"><\/iframe><iframe style=\"width:120px;height:240px;\" marginwidth=\"0\" marginheight=\"0\" scrolling=\"no\" frameborder=\"0\" src=\"\/\/ws-na.amazon-adsystem.com\/widgets\/q?ServiceVersion=20070822&#038;OneJS=1&#038;Operation=GetAdHtml&#038;MarketPlace=US&#038;source=ss&#038;ref=as_ss_li_til&#038;ad_type=product_link&#038;tracking_id=sombreros0b-20&#038;language=es_US&#038;marketplace=amazon&#038;region=US&#038;placement=B08CN89DWC&#038;asins=B08CN89DWC&#038;linkId=cef96d92ce8df4bb08abdc358068f37f&#038;show_border=true&#038;link_opens_in_new_window=true\"><\/iframe><\/p>\n\n\n\n<h2><strong>Conclusi\u00f3n<\/strong><\/h2>\n\n\n\n<p>Como muestra toda la informaci\u00f3n brindada en este art\u00edculo, las almohadillas exfoliantes pueden ser una gran opci\u00f3n para una exfoliaci\u00f3n r\u00e1pida y simple.<\/p>\n\n\n\n<p>Se pueden aplicar en distintas partes del cuerpo y tambi\u00e9n en el rostro. Claro esta, si lo que necesitas es una exfoliaci\u00f3n qu\u00edmica intensa, cons\u00faltalo con un profesional para realizar un peeling m\u00e1s profundo.<\/p>\n","protected":false},"excerpt":{"rendered":"<p>Para una exfoliaci&oacute;n de manera simple y f&aacute;cil existen las almohadillas exfoliantes. Estas vienen saturadas con una sustancia qu&iacute;mica que har&aacute;n la funci&oacute;n de peeling de acuerdo al tipo de &aacute;cido incluido. Este tipo de almohadillas pueden utilizarse tanto en el rostro como en el cuerpo. Se recomienda utilizar detr&aacute;s de la oreja o en &#8230; <a title=\"Almohadillas Exfoliantes, Ligeras y Convenientes\" class=\"read-more\" href=\"https:\/\/www.peelingsquimicos.com\/index.php\/almohadillas-exfoliantes\/\">Leer m\u00e1s<\/a><\/p>\n","protected":false},"author":1,"featured_media":211,"parent":0,"menu_order":0,"comment_status":"closed","ping_status":"closed","template":"","meta":[],"uagb_featured_image_src":{"full":["https:\/\/www.peelingsquimicos.com\/wp-content\/uploads\/2020\/12\/Almohadillas-Exfoliantes-1.jpg",654,916,false],"thumbnail":["https:\/\/www.peelingsquimicos.com\/wp-content\/uploads\/2020\/12\/Almohadillas-Exfoliantes-1-150x150.jpg",150,150,true],"medium":["https:\/\/www.peelingsquimicos.com\/wp-content\/uploads\/2020\/12\/Almohadillas-Exfoliantes-1-214x300.jpg",214,300,true],"medium_large":["https:\/\/www.peelingsquimicos.com\/wp-content\/uploads\/2020\/12\/Almohadillas-Exfoliantes-1.jpg",654,916,false],"large":["https:\/\/www.peelingsquimicos.com\/wp-content\/uploads\/2020\/12\/Almohadillas-Exfoliantes-1.jpg",654,916,false],"1536x1536":["https:\/\/www.peelingsquimicos.com\/wp-content\/uploads\/2020\/12\/Almohadillas-Exfoliantes-1.jpg",654,916,false],"2048x2048":["https:\/\/www.peelingsquimicos.com\/wp-content\/uploads\/2020\/12\/Almohadillas-Exfoliantes-1.jpg",654,916,false]},"uagb_author_info":{"display_name":"admin","author_link":"https:\/\/www.peelingsquimicos.com\/index.php\/author\/admin\/"},"uagb_comment_info":0,"uagb_excerpt":"Para una exfoliaci&oacute;n de manera simple y f&aacute;cil existen las almohadillas exfoliantes. Estas vienen saturadas con una sustancia qu&iacute;mica que har&aacute;n la funci&oacute;n de peeling de acuerdo al tipo de &aacute;cido incluido. Este tipo de almohadillas pueden utilizarse tanto en el rostro como en el cuerpo. Se recomienda utilizar detr&aacute;s de la oreja o en&hellip;","yoast_head":"<!-- This site is optimized with the Yoast SEO plugin v14.7 - https:\/\/yoast.com\/wordpress\/plugins\/seo\/ -->\n<title>Almohadillas Exfoliantes, Ligeras y Convenientes - Peeling Qu&iacute;mico<\/title>\n<meta name=\"description\" content=\"Las almohadillas exfoliantes son excelentes para remover piel muerta de forma sencilla y r\u00e1pida. Para exfoliaci\u00f3n ligera esta es la opci\u00f3n.\" \/>\n<meta name=\"robots\" content=\"index, follow\" \/>\n<meta name=\"googlebot\" content=\"index, follow, max-snippet:-1, max-image-preview:large, max-video-preview:-1\" \/>\n<meta name=\"bingbot\" content=\"index, follow, max-snippet:-1, max-image-preview:large, max-video-preview:-1\" \/>\n<link rel=\"canonical\" href=\"https:\/\/www.peelingsquimicos.com\/index.php\/almohadillas-exfoliantes\/\" \/>\n<meta property=\"og:locale\" content=\"es_ES\" \/>\n<meta property=\"og:type\" content=\"article\" \/>\n<meta property=\"og:title\" content=\"Almohadillas Exfoliantes, Ligeras y Convenientes - Peeling Qu&iacute;mico\" \/>\n<meta property=\"og:description\" content=\"Las almohadillas exfoliantes son excelentes para remover piel muerta de forma sencilla y r\u00e1pida. Para exfoliaci\u00f3n ligera esta es la opci\u00f3n.\" \/>\n<meta property=\"og:url\" content=\"https:\/\/www.peelingsquimicos.com\/index.php\/almohadillas-exfoliantes\/\" \/>\n<meta property=\"og:site_name\" content=\"Peeling Qu&iacute;mico\" \/>\n<meta property=\"article:modified_time\" content=\"2021-05-23T19:08:05+00:00\" \/>\n<meta property=\"og:image\" content=\"https:\/\/www.peelingsquimicos.com\/wp-content\/uploads\/2020\/12\/Almohadillas-Exfoliantes-1.jpg\" \/>\n\t<meta property=\"og:image:width\" content=\"654\" \/>\n\t<meta property=\"og:image:height\" content=\"916\" \/>\n<meta name=\"twitter:card\" content=\"summary_large_image\" \/>\n<script type=\"application\/ld+json\" class=\"yoast-schema-graph\">{\"@context\":\"https:\/\/schema.org\",\"@graph\":[{\"@type\":\"WebSite\",\"@id\":\"https:\/\/www.peelingsquimicos.com\/#website\",\"url\":\"https:\/\/www.peelingsquimicos.com\/\",\"name\":\"Peeling Qu&iacute;mico\",\"description\":\"Renovaci&oacute;n Facial en su M&aacute;xima Expresi&oacute;n\",\"potentialAction\":[{\"@type\":\"SearchAction\",\"target\":\"https:\/\/www.peelingsquimicos.com\/?s={search_term_string}\",\"query-input\":\"required name=search_term_string\"}],\"inLanguage\":\"es\"},{\"@type\":\"ImageObject\",\"@id\":\"https:\/\/www.peelingsquimicos.com\/index.php\/almohadillas-exfoliantes\/#primaryimage\",\"inLanguage\":\"es\",\"url\":\"https:\/\/www.peelingsquimicos.com\/wp-content\/uploads\/2020\/12\/Almohadillas-Exfoliantes-1.jpg\",\"width\":654,\"height\":916,\"caption\":\"almohadillas exfoliantes\"},{\"@type\":\"WebPage\",\"@id\":\"https:\/\/www.peelingsquimicos.com\/index.php\/almohadillas-exfoliantes\/#webpage\",\"url\":\"https:\/\/www.peelingsquimicos.com\/index.php\/almohadillas-exfoliantes\/\",\"name\":\"Almohadillas Exfoliantes, Ligeras y Convenientes - Peeling Qu&iacute;mico\",\"isPartOf\":{\"@id\":\"https:\/\/www.peelingsquimicos.com\/#website\"},\"primaryImageOfPage\":{\"@id\":\"https:\/\/www.peelingsquimicos.com\/index.php\/almohadillas-exfoliantes\/#primaryimage\"},\"datePublished\":\"2020-12-31T16:09:34+00:00\",\"dateModified\":\"2021-05-23T19:08:05+00:00\",\"description\":\"Las almohadillas exfoliantes son excelentes para remover piel muerta de forma sencilla y r\\u00e1pida. Para exfoliaci\\u00f3n ligera esta es la opci\\u00f3n.\",\"inLanguage\":\"es\",\"potentialAction\":[{\"@type\":\"ReadAction\",\"target\":[\"https:\/\/www.peelingsquimicos.com\/index.php\/almohadillas-exfoliantes\/\"]}]}]}<\/script>\n<!-- \/ Yoast SEO plugin. -->","_links":{"self":[{"href":"https:\/\/www.peelingsquimicos.com\/index.php\/wp-json\/wp\/v2\/pages\/208"}],"collection":[{"href":"https:\/\/www.peelingsquimicos.com\/index.php\/wp-json\/wp\/v2\/pages"}],"about":[{"href":"https:\/\/www.peelingsquimicos.com\/index.php\/wp-json\/wp\/v2\/types\/page"}],"author":[{"embeddable":true,"href":"https:\/\/www.peelingsquimicos.com\/index.php\/wp-json\/wp\/v2\/users\/1"}],"replies":[{"embeddable":true,"href":"https:\/\/www.peelingsquimicos.com\/index.php\/wp-json\/wp\/v2\/comments?post=208"}],"version-history":[{"count":5,"href":"https:\/\/www.peelingsquimicos.com\/index.php\/wp-json\/wp\/v2\/pages\/208\/revisions"}],"predecessor-version":[{"id":278,"href":"https:\/\/www.peelingsquimicos.com\/index.php\/wp-json\/wp\/v2\/pages\/208\/revisions\/278"}],"wp:featuredmedia":[{"embeddable":true,"href":"https:\/\/www.peelingsquimicos.com\/index.php\/wp-json\/wp\/v2\/media\/211"}],"wp:attachment":[{"href":"https:\/\/www.peelingsquimicos.com\/index.php\/wp-json\/wp\/v2\/media?parent=208"}],"curies":[{"name":"wp","href":"https:\/\/api.w.org\/{rel}","templated":true}]}}