{"id":214,"date":"2020-12-31T16:50:41","date_gmt":"2020-12-31T16:50:41","guid":{"rendered":"https:\/\/www.peelingsquimicos.com\/?page_id=214"},"modified":"2021-05-23T19:16:34","modified_gmt":"2021-05-23T19:16:34","slug":"org-skincare","status":"publish","type":"page","link":"https:\/\/www.peelingsquimicos.com\/index.php\/org-skincare\/","title":{"rendered":"ORG Skincare Peeling Corporal"},"content":{"rendered":"\n<p>El peeling corporal de la marca ORG Skincare es una sustancia eficaz para exfoliar el cuerpo sin causar irritaci\u00f3n, a\u00f1adiendo nutrientes hidratantes a la vez.<\/p>\n\n\n\n<p>Los productos de belleza O.R.G. Skincare est\u00e1n inspirados en las tradiciones de belleza asi\u00e1ticas, reconocidas mundialmente por ser muy efectivas.<\/p>\n\n\n\n<h2><strong>Ingredientes del Peeling ORG Skincare<\/strong><\/h2>\n\n\n\n<p>Como todo exfoliante qu\u00edmico, este exfoliador esta conformado por varios ingredientes, los detallamos a continuaci\u00f3n:<\/p>\n\n\n\n<ul><li>\u00c1cido asc\u00f3rbico<\/li><li>Glicerina<\/li><li>Citrato de sodio<\/li><li>Vitamina A<\/li><li>Vitamina B1<\/li><li>Omega 3<\/li><li>Extracto de artemisa<\/li><li>Agua mineral<\/li><li>Aloe Barbadenses<\/li><\/ul>\n\n\n\n<h2><strong>Indicaciones y Beneficios<\/strong><\/h2>\n\n\n\n<p>El exfoliante ORG Skincare debe ser aplicado de 2-3 veces en la semana. Puede ser aplicado en el cuerpo y en el rostro. Se aplica a manera de &#8220;spray&#8221;.<\/p>\n\n\n\n<p>Los beneficios de utilizar este producto son una piel bien hidratada, suave como la de un bebe. Adem\u00e1s la piel quedar\u00e1 radiante y con un tono de piel balanceado.<\/p>\n\n\n\n<p>Mantiene una apariencia joven en el area del cuello, piernas, muslos y espalda.<\/p>\n\n\n\n<h2><strong>Conclusi\u00f3n<\/strong><\/h2>\n\n\n\n<p>Debemos tener claro que los resultados obtenidos con este producto ser\u00e1n los de una exfoliaci\u00f3n suave y ligera. El producto est\u00e1 dise\u00f1ado para ser lo menos abrasivo posible pero con la funci\u00f3n que todo peeling debe llevar a cabo, remover la piel muerta y abrir paso a una regeneraci\u00f3n.<\/p>\n\n\n\n<p>Si lo que buscas es una exfoliaci\u00f3n intensa o profunda, debes consultar con un profesional para someterte a una sesi\u00f3n en un consultorio. Pero si en efecto lo que buscas es una exfoliaci\u00f3n leve, este producto es genial para conseguirla.<\/p>\n\n\n\n<p>Cabe destacar que este producto est\u00e1 descontinuado para no oficiales desde el 2017. Debe ser comprado solo de forma segura al vendedor oficial que es ORG Skincare.<\/p>\n\n\n\n<p>Para conocer m\u00e1s acerca de los peelings qu\u00edmicos corporales y faciales, navega por las diferentes secciones de nuestra web, en donde encontrar\u00e1s toda la informaci\u00f3n que necesitas<\/p>\n\n\n\n<p><\/p>\n\n\n\n<h2><strong>Si te interesa Comprar el Peeling ORG Skincare, te presentamos el producto a continuaci\u00f3n:<\/strong><\/h2>\n\n\n<p><iframe style=\"width:120px;height:240px;\" marginwidth=\"0\" marginheight=\"0\" scrolling=\"no\" frameborder=\"0\" src=\"\/\/ws-na.amazon-adsystem.com\/widgets\/q?ServiceVersion=20070822&amp;OneJS=1&amp;Operation=GetAdHtml&amp;MarketPlace=US&amp;source=ss&amp;ref=as_ss_li_til&amp;ad_type=product_link&amp;tracking_id=sombreros0b-20&amp;language=es_US&amp;marketplace=amazon&amp;region=US&amp;placement=B006E5A3PW&amp;asins=B006E5A3PW&amp;linkId=7f8d4ebf8ebba531bdb8d372622edb30&amp;show_border=true&amp;link_opens_in_new_window=true\"><\/iframe><\/p>\n","protected":false},"excerpt":{"rendered":"<p>El peeling corporal de la marca ORG Skincare es una sustancia eficaz para exfoliar el cuerpo sin causar irritaci&oacute;n, a&ntilde;adiendo nutrientes hidratantes a la vez. Los productos de belleza O.R.G. Skincare est&aacute;n inspirados en las tradiciones de belleza asi&aacute;ticas, reconocidas mundialmente por ser muy efectivas. Ingredientes del Peeling ORG Skincare Como todo exfoliante qu&iacute;mico, este &#8230; <a title=\"ORG Skincare Peeling Corporal\" class=\"read-more\" href=\"https:\/\/www.peelingsquimicos.com\/index.php\/org-skincare\/\">Leer m\u00e1s<\/a><\/p>\n","protected":false},"author":1,"featured_media":215,"parent":0,"menu_order":0,"comment_status":"closed","ping_status":"closed","template":"","meta":[],"uagb_featured_image_src":{"full":["https:\/\/www.peelingsquimicos.com\/wp-content\/uploads\/2020\/12\/O.R.G.-Skincare.jpg",1500,1500,false],"thumbnail":["https:\/\/www.peelingsquimicos.com\/wp-content\/uploads\/2020\/12\/O.R.G.-Skincare-150x150.jpg",150,150,true],"medium":["https:\/\/www.peelingsquimicos.com\/wp-content\/uploads\/2020\/12\/O.R.G.-Skincare-300x300.jpg",300,300,true],"medium_large":["https:\/\/www.peelingsquimicos.com\/wp-content\/uploads\/2020\/12\/O.R.G.-Skincare-768x768.jpg",768,768,true],"large":["https:\/\/www.peelingsquimicos.com\/wp-content\/uploads\/2020\/12\/O.R.G.-Skincare-1024x1024.jpg",1024,1024,true],"1536x1536":["https:\/\/www.peelingsquimicos.com\/wp-content\/uploads\/2020\/12\/O.R.G.-Skincare.jpg",1500,1500,false],"2048x2048":["https:\/\/www.peelingsquimicos.com\/wp-content\/uploads\/2020\/12\/O.R.G.-Skincare.jpg",1500,1500,false]},"uagb_author_info":{"display_name":"admin","author_link":"https:\/\/www.peelingsquimicos.com\/index.php\/author\/admin\/"},"uagb_comment_info":0,"uagb_excerpt":"El peeling corporal de la marca ORG Skincare es una sustancia eficaz para exfoliar el cuerpo sin causar irritaci&oacute;n, a&ntilde;adiendo nutrientes hidratantes a la vez. Los productos de belleza O.R.G. Skincare est&aacute;n inspirados en las tradiciones de belleza asi&aacute;ticas, reconocidas mundialmente por ser muy efectivas. Ingredientes del Peeling ORG Skincare Como todo exfoliante qu&iacute;mico, este&hellip;","yoast_head":"<!-- This site is optimized with the Yoast SEO plugin v14.7 - https:\/\/yoast.com\/wordpress\/plugins\/seo\/ -->\n<title>ORG Skincare Peeling Corporal - Peeling Qu&iacute;mico<\/title>\n<meta name=\"description\" content=\"El peeling corporal ORG Skincare es un excelente exfoliante para mantener un buen tono de la piel, luminosisdad e hidratarla a la vez.\" \/>\n<meta name=\"robots\" content=\"index, follow\" \/>\n<meta name=\"googlebot\" content=\"index, follow, max-snippet:-1, max-image-preview:large, max-video-preview:-1\" \/>\n<meta name=\"bingbot\" content=\"index, follow, max-snippet:-1, max-image-preview:large, max-video-preview:-1\" \/>\n<link rel=\"canonical\" href=\"https:\/\/www.peelingsquimicos.com\/index.php\/org-skincare\/\" \/>\n<meta property=\"og:locale\" content=\"es_ES\" \/>\n<meta property=\"og:type\" content=\"article\" \/>\n<meta property=\"og:title\" content=\"ORG Skincare Peeling Corporal - Peeling Qu&iacute;mico\" \/>\n<meta property=\"og:description\" content=\"El peeling corporal ORG Skincare es un excelente exfoliante para mantener un buen tono de la piel, luminosisdad e hidratarla a la vez.\" \/>\n<meta property=\"og:url\" content=\"https:\/\/www.peelingsquimicos.com\/index.php\/org-skincare\/\" \/>\n<meta property=\"og:site_name\" content=\"Peeling Qu&iacute;mico\" \/>\n<meta property=\"article:modified_time\" content=\"2021-05-23T19:16:34+00:00\" \/>\n<meta property=\"og:image\" content=\"https:\/\/www.peelingsquimicos.com\/wp-content\/uploads\/2020\/12\/O.R.G.-Skincare.jpg\" \/>\n\t<meta property=\"og:image:width\" content=\"1500\" \/>\n\t<meta property=\"og:image:height\" content=\"1500\" \/>\n<meta name=\"twitter:card\" content=\"summary_large_image\" \/>\n<script type=\"application\/ld+json\" class=\"yoast-schema-graph\">{\"@context\":\"https:\/\/schema.org\",\"@graph\":[{\"@type\":\"WebSite\",\"@id\":\"https:\/\/www.peelingsquimicos.com\/#website\",\"url\":\"https:\/\/www.peelingsquimicos.com\/\",\"name\":\"Peeling Qu&iacute;mico\",\"description\":\"Renovaci&oacute;n Facial en su M&aacute;xima Expresi&oacute;n\",\"potentialAction\":[{\"@type\":\"SearchAction\",\"target\":\"https:\/\/www.peelingsquimicos.com\/?s={search_term_string}\",\"query-input\":\"required name=search_term_string\"}],\"inLanguage\":\"es\"},{\"@type\":\"ImageObject\",\"@id\":\"https:\/\/www.peelingsquimicos.com\/index.php\/org-skincare\/#primaryimage\",\"inLanguage\":\"es\",\"url\":\"https:\/\/www.peelingsquimicos.com\/wp-content\/uploads\/2020\/12\/O.R.G.-Skincare.jpg\",\"width\":1500,\"height\":1500,\"caption\":\"O.R.G. Skincare\"},{\"@type\":\"WebPage\",\"@id\":\"https:\/\/www.peelingsquimicos.com\/index.php\/org-skincare\/#webpage\",\"url\":\"https:\/\/www.peelingsquimicos.com\/index.php\/org-skincare\/\",\"name\":\"ORG Skincare Peeling Corporal - Peeling Qu&iacute;mico\",\"isPartOf\":{\"@id\":\"https:\/\/www.peelingsquimicos.com\/#website\"},\"primaryImageOfPage\":{\"@id\":\"https:\/\/www.peelingsquimicos.com\/index.php\/org-skincare\/#primaryimage\"},\"datePublished\":\"2020-12-31T16:50:41+00:00\",\"dateModified\":\"2021-05-23T19:16:34+00:00\",\"description\":\"El peeling corporal ORG Skincare es un excelente exfoliante para mantener un buen tono de la piel, luminosisdad e hidratarla a la vez.\",\"inLanguage\":\"es\",\"potentialAction\":[{\"@type\":\"ReadAction\",\"target\":[\"https:\/\/www.peelingsquimicos.com\/index.php\/org-skincare\/\"]}]}]}<\/script>\n<!-- \/ Yoast SEO plugin. -->","_links":{"self":[{"href":"https:\/\/www.peelingsquimicos.com\/index.php\/wp-json\/wp\/v2\/pages\/214"}],"collection":[{"href":"https:\/\/www.peelingsquimicos.com\/index.php\/wp-json\/wp\/v2\/pages"}],"about":[{"href":"https:\/\/www.peelingsquimicos.com\/index.php\/wp-json\/wp\/v2\/types\/page"}],"author":[{"embeddable":true,"href":"https:\/\/www.peelingsquimicos.com\/index.php\/wp-json\/wp\/v2\/users\/1"}],"replies":[{"embeddable":true,"href":"https:\/\/www.peelingsquimicos.com\/index.php\/wp-json\/wp\/v2\/comments?post=214"}],"version-history":[{"count":4,"href":"https:\/\/www.peelingsquimicos.com\/index.php\/wp-json\/wp\/v2\/pages\/214\/revisions"}],"predecessor-version":[{"id":281,"href":"https:\/\/www.peelingsquimicos.com\/index.php\/wp-json\/wp\/v2\/pages\/214\/revisions\/281"}],"wp:featuredmedia":[{"embeddable":true,"href":"https:\/\/www.peelingsquimicos.com\/index.php\/wp-json\/wp\/v2\/media\/215"}],"wp:attachment":[{"href":"https:\/\/www.peelingsquimicos.com\/index.php\/wp-json\/wp\/v2\/media?parent=214"}],"curies":[{"name":"wp","href":"https:\/\/api.w.org\/{rel}","templated":true}]}}