{"id":221,"date":"2020-12-31T19:22:47","date_gmt":"2020-12-31T19:22:47","guid":{"rendered":"https:\/\/www.peelingsquimicos.com\/?page_id=221"},"modified":"2021-05-23T23:00:12","modified_gmt":"2021-05-23T23:00:12","slug":"solucion-de-jessner-para-peeling","status":"publish","type":"page","link":"https:\/\/www.peelingsquimicos.com\/index.php\/solucion-de-jessner-para-peeling\/","title":{"rendered":"Soluci\u00f3n de Jessner para Peeling"},"content":{"rendered":"\n<p>Como te indicamos en la secci\u00f3n de \u00e1cidos para peelings, la soluci\u00f3n de Jessner es uno de los productos m\u00e1s utilizados y eficientes para exfoliaciones faciales y corporales.<\/p>\n\n\n\n<p>Este producto se recomienda que sea utilizado por un profesional y los resultados son muy satisfactorios. Es ideal para pieles normales y grasas, sus grandes beneficios los detallamos a continuaci\u00f3n.<\/p>\n\n\n\n<h2><strong>Beneficios de la Soluci\u00f3n de Jessner <\/strong><\/h2>\n\n\n\n<ul><li>Corrige los tonos desiguales en la piel<\/li><li>Ayuda a recuperar el brillo de la piel<\/li><li>Mejora la textura de la pie<\/li><li>Reduce el acn\u00e9 y la obstrucci\u00f3n en los poros<\/li><li>Combate las arrugas y l\u00edneas finas<\/li><li>Aumenta la producci\u00f3n de col\u00e1geno y elastina<\/li><li>Combate da\u00f1os ocasionados por el sol<\/li><\/ul>\n\n\n\n<h2><strong>Ingredientes de la Soluci\u00f3n Jessner Dermalure<\/strong><\/h2>\n\n\n\n<p>Los ingredientes que componen la soluci\u00f3n Jessner de la marca Dermalure son los siguientes: Acido l\u00e1ctico (AHA), \u00e1cido salic\u00edlico (BHA) y resorcinol.<\/p>\n\n\n\n<p>Estos son ingredientes con toxicidad reducida y mayor eficiencia de cada ingrediente individual.<\/p>\n\n\n\n<h2><strong>Como utilizar la Soluci\u00f3n de Jessner de la marca Dermalure<\/strong><\/h2>\n\n\n\n<p>Primero se debe preparar la piel con una limpieza y sec\u00e1ndola. Una vez la piel este lista aplique el producto en el area a tratar, evitando el contacto con los ojos, parte interior de la nariz y la boca. Luego se debe aplicar un neutralizador para detener el proceso.<\/p>\n\n\n\n<p>Si se experimenta dolor, irritaci\u00f3n excesiva, enrojecimiento excesivo o palidez, se debe detener su uso.<br>Cabe recordar en \u00e9nfasis de la marca Dermalure en que este es un producto para uso profesional solamente. De igual manera cabe destacar el descargo de responsabilidad de la marca con relaci\u00f3n a da\u00f1os en la piel o partes del cuerpo o por el mal uso de las instrucciones.<\/p>\n\n\n\n<h2><strong>Conclusi\u00f3n<\/strong><\/h2>\n\n\n\n<p>La soluci\u00f3n de Jessner es un exfoliante muy eficiente y con resultados notables. Existen algunos riesgos al utilizarlo, por eso se recomienda consultarlo y que sea aplicado por un profesional.<\/p>\n\n\n\n<p>Utilizado de la manera correcta, este producto resultara muy beneficioso para la piel que necesite ser exfoliada.<\/p>\n\n\n\n<p><\/p>\n\n\n\n<h2><strong>Para Comprar la Soluci\u00f3n de Jessner de la marca Dermalure, te presentamos esta Oferta con el Mejor Precio:<\/strong><\/h2>\n\n\n<p><iframe style=\"width:120px;height:240px;\" marginwidth=\"0\" marginheight=\"0\" scrolling=\"no\" frameborder=\"0\" src=\"\/\/ws-na.amazon-adsystem.com\/widgets\/q?ServiceVersion=20070822&amp;OneJS=1&amp;Operation=GetAdHtml&amp;MarketPlace=US&amp;source=ss&amp;ref=as_ss_li_til&amp;ad_type=product_link&amp;tracking_id=sombreros0b-20&amp;language=es_US&amp;marketplace=amazon&amp;region=US&amp;placement=B007ZXVAL8&amp;asins=B007ZXVAL8&amp;linkId=9f5beed18cff0eae7f096ebeafc336bd&amp;show_border=true&amp;link_opens_in_new_window=true\"><\/iframe><\/p>\n","protected":false},"excerpt":{"rendered":"<p>Como te indicamos en la secci&oacute;n de &aacute;cidos para peelings, la soluci&oacute;n de Jessner es uno de los productos m&aacute;s utilizados y eficientes para exfoliaciones faciales y corporales. Este producto se recomienda que sea utilizado por un profesional y los resultados son muy satisfactorios. Es ideal para pieles normales y grasas, sus grandes beneficios los &#8230; <a title=\"Soluci\u00f3n de Jessner para Peeling\" class=\"read-more\" href=\"https:\/\/www.peelingsquimicos.com\/index.php\/solucion-de-jessner-para-peeling\/\">Leer m\u00e1s<\/a><\/p>\n","protected":false},"author":1,"featured_media":223,"parent":0,"menu_order":0,"comment_status":"closed","ping_status":"closed","template":"","meta":[],"uagb_featured_image_src":{"full":["https:\/\/www.peelingsquimicos.com\/wp-content\/uploads\/2020\/12\/Soluci\u00f3n-de-Jessner-2.jpg",500,500,false],"thumbnail":["https:\/\/www.peelingsquimicos.com\/wp-content\/uploads\/2020\/12\/Soluci\u00f3n-de-Jessner-2-150x150.jpg",150,150,true],"medium":["https:\/\/www.peelingsquimicos.com\/wp-content\/uploads\/2020\/12\/Soluci\u00f3n-de-Jessner-2-300x300.jpg",300,300,true],"medium_large":["https:\/\/www.peelingsquimicos.com\/wp-content\/uploads\/2020\/12\/Soluci\u00f3n-de-Jessner-2.jpg",500,500,false],"large":["https:\/\/www.peelingsquimicos.com\/wp-content\/uploads\/2020\/12\/Soluci\u00f3n-de-Jessner-2.jpg",500,500,false],"1536x1536":["https:\/\/www.peelingsquimicos.com\/wp-content\/uploads\/2020\/12\/Soluci\u00f3n-de-Jessner-2.jpg",500,500,false],"2048x2048":["https:\/\/www.peelingsquimicos.com\/wp-content\/uploads\/2020\/12\/Soluci\u00f3n-de-Jessner-2.jpg",500,500,false]},"uagb_author_info":{"display_name":"admin","author_link":"https:\/\/www.peelingsquimicos.com\/index.php\/author\/admin\/"},"uagb_comment_info":0,"uagb_excerpt":"Como te indicamos en la secci&oacute;n de &aacute;cidos para peelings, la soluci&oacute;n de Jessner es uno de los productos m&aacute;s utilizados y eficientes para exfoliaciones faciales y corporales. Este producto se recomienda que sea utilizado por un profesional y los resultados son muy satisfactorios. Es ideal para pieles normales y grasas, sus grandes beneficios los&hellip;","yoast_head":"<!-- This site is optimized with the Yoast SEO plugin v14.7 - https:\/\/yoast.com\/wordpress\/plugins\/seo\/ -->\n<title>Soluci\u00f3n de Jessner para Peeling - Peeling Qu&iacute;mico<\/title>\n<meta name=\"description\" content=\"La soluci\u00f3n de Jessner es ideal para combatir las arrugas, l\u00edneas finas y el acn\u00e9, entre muchos beneficios m\u00e1s. Conoce este exfoliante.\" \/>\n<meta name=\"robots\" content=\"index, follow\" \/>\n<meta name=\"googlebot\" content=\"index, follow, max-snippet:-1, max-image-preview:large, max-video-preview:-1\" \/>\n<meta name=\"bingbot\" content=\"index, follow, max-snippet:-1, max-image-preview:large, max-video-preview:-1\" \/>\n<link rel=\"canonical\" href=\"https:\/\/www.peelingsquimicos.com\/index.php\/solucion-de-jessner-para-peeling\/\" \/>\n<meta property=\"og:locale\" content=\"es_ES\" \/>\n<meta property=\"og:type\" content=\"article\" \/>\n<meta property=\"og:title\" content=\"Soluci\u00f3n de Jessner para Peeling - Peeling Qu&iacute;mico\" \/>\n<meta property=\"og:description\" content=\"La soluci\u00f3n de Jessner es ideal para combatir las arrugas, l\u00edneas finas y el acn\u00e9, entre muchos beneficios m\u00e1s. Conoce este exfoliante.\" \/>\n<meta property=\"og:url\" content=\"https:\/\/www.peelingsquimicos.com\/index.php\/solucion-de-jessner-para-peeling\/\" \/>\n<meta property=\"og:site_name\" content=\"Peeling Qu&iacute;mico\" \/>\n<meta property=\"article:modified_time\" content=\"2021-05-23T23:00:12+00:00\" \/>\n<meta property=\"og:image\" content=\"https:\/\/www.peelingsquimicos.com\/wp-content\/uploads\/2020\/12\/Soluci\u00f3n-de-Jessner-2.jpg\" \/>\n\t<meta property=\"og:image:width\" content=\"500\" \/>\n\t<meta property=\"og:image:height\" content=\"500\" \/>\n<meta name=\"twitter:card\" content=\"summary_large_image\" \/>\n<script type=\"application\/ld+json\" class=\"yoast-schema-graph\">{\"@context\":\"https:\/\/schema.org\",\"@graph\":[{\"@type\":\"WebSite\",\"@id\":\"https:\/\/www.peelingsquimicos.com\/#website\",\"url\":\"https:\/\/www.peelingsquimicos.com\/\",\"name\":\"Peeling Qu&iacute;mico\",\"description\":\"Renovaci&oacute;n Facial en su M&aacute;xima Expresi&oacute;n\",\"potentialAction\":[{\"@type\":\"SearchAction\",\"target\":\"https:\/\/www.peelingsquimicos.com\/?s={search_term_string}\",\"query-input\":\"required name=search_term_string\"}],\"inLanguage\":\"es\"},{\"@type\":\"ImageObject\",\"@id\":\"https:\/\/www.peelingsquimicos.com\/index.php\/solucion-de-jessner-para-peeling\/#primaryimage\",\"inLanguage\":\"es\",\"url\":\"https:\/\/www.peelingsquimicos.com\/wp-content\/uploads\/2020\/12\/Soluci\\u00f3n-de-Jessner-2.jpg\",\"width\":500,\"height\":500,\"caption\":\"Soluci\\u00f3n de Jessner\"},{\"@type\":\"WebPage\",\"@id\":\"https:\/\/www.peelingsquimicos.com\/index.php\/solucion-de-jessner-para-peeling\/#webpage\",\"url\":\"https:\/\/www.peelingsquimicos.com\/index.php\/solucion-de-jessner-para-peeling\/\",\"name\":\"Soluci\\u00f3n de Jessner para Peeling - Peeling Qu&iacute;mico\",\"isPartOf\":{\"@id\":\"https:\/\/www.peelingsquimicos.com\/#website\"},\"primaryImageOfPage\":{\"@id\":\"https:\/\/www.peelingsquimicos.com\/index.php\/solucion-de-jessner-para-peeling\/#primaryimage\"},\"datePublished\":\"2020-12-31T19:22:47+00:00\",\"dateModified\":\"2021-05-23T23:00:12+00:00\",\"description\":\"La soluci\\u00f3n de Jessner es ideal para combatir las arrugas, l\\u00edneas finas y el acn\\u00e9, entre muchos beneficios m\\u00e1s. Conoce este exfoliante.\",\"inLanguage\":\"es\",\"potentialAction\":[{\"@type\":\"ReadAction\",\"target\":[\"https:\/\/www.peelingsquimicos.com\/index.php\/solucion-de-jessner-para-peeling\/\"]}]}]}<\/script>\n<!-- \/ Yoast SEO plugin. -->","_links":{"self":[{"href":"https:\/\/www.peelingsquimicos.com\/index.php\/wp-json\/wp\/v2\/pages\/221"}],"collection":[{"href":"https:\/\/www.peelingsquimicos.com\/index.php\/wp-json\/wp\/v2\/pages"}],"about":[{"href":"https:\/\/www.peelingsquimicos.com\/index.php\/wp-json\/wp\/v2\/types\/page"}],"author":[{"embeddable":true,"href":"https:\/\/www.peelingsquimicos.com\/index.php\/wp-json\/wp\/v2\/users\/1"}],"replies":[{"embeddable":true,"href":"https:\/\/www.peelingsquimicos.com\/index.php\/wp-json\/wp\/v2\/comments?post=221"}],"version-history":[{"count":3,"href":"https:\/\/www.peelingsquimicos.com\/index.php\/wp-json\/wp\/v2\/pages\/221\/revisions"}],"predecessor-version":[{"id":298,"href":"https:\/\/www.peelingsquimicos.com\/index.php\/wp-json\/wp\/v2\/pages\/221\/revisions\/298"}],"wp:featuredmedia":[{"embeddable":true,"href":"https:\/\/www.peelingsquimicos.com\/index.php\/wp-json\/wp\/v2\/media\/223"}],"wp:attachment":[{"href":"https:\/\/www.peelingsquimicos.com\/index.php\/wp-json\/wp\/v2\/media?parent=221"}],"curies":[{"name":"wp","href":"https:\/\/api.w.org\/{rel}","templated":true}]}}