{"id":438,"date":"2022-03-20T19:37:17","date_gmt":"2022-03-20T19:37:17","guid":{"rendered":"https:\/\/www.peelingsquimicos.com\/?page_id=438"},"modified":"2022-03-20T19:37:18","modified_gmt":"2022-03-20T19:37:18","slug":"resultados-de-un-peeling-quimico-mal-hecho","status":"publish","type":"page","link":"https:\/\/www.peelingsquimicos.com\/index.php\/resultados-de-un-peeling-quimico-mal-hecho\/","title":{"rendered":"Resultados de un peeling qu\u00edmico mal hecho"},"content":{"rendered":"\n<p>Lo m\u00e1s com\u00fan a la hora de hablar de un peeling qu\u00edmico es enfocarse en lo beneficioso que este puede ser y el resultado rejuvenecedor que nos puede brindar, pero as\u00ed mismo como puede ayudarnos, un peeling qu\u00edmico mal hecho puede tener unos resultados que van desde malos hasta desastrosos.<\/p>\n\n\n\n<p>En nuestra <a href=\"https:\/\/www.peelingsquimicos.com\/\">p\u00e1gina de inicio<\/a> te hablamos todo lo que debes saber de lo que es un peeling qu\u00edmico, en sus beneficios, ventajas e indicaciones, como de sus posibles desventajas y contraindicaciones.<\/p>\n\n\n\n<p>Pero a continuaci\u00f3n te queremos mostrar lo que puede suceder si se hace mal, para que lo puedas ver, conocer a fondo y crear consciencia.<\/p>\n\n\n\n<h2>I<strong>nconvenientes y riesgos de un peeling qu\u00edmico mal hecho<\/strong><\/h2>\n\n\n\n<figure class=\"wp-block-gallery has-nested-images columns-default is-cropped\">\n<figure class=\"wp-block-image size-large\"><img loading=\"lazy\" width=\"1842\" height=\"2560\" data-id=\"34\"  src=\"https:\/\/www.peelingsquimicos.com\/wp-content\/uploads\/2020\/08\/Peelings-Qu\u00edmicos-06-scaled.jpg\" alt=\"\" class=\"wp-image-34\" srcset=\"https:\/\/www.peelingsquimicos.com\/wp-content\/uploads\/2020\/08\/Peelings-Qu\u00edmicos-06-scaled.jpg 1842w, https:\/\/www.peelingsquimicos.com\/wp-content\/uploads\/2020\/08\/Peelings-Qu\u00edmicos-06-216x300.jpg 216w, https:\/\/www.peelingsquimicos.com\/wp-content\/uploads\/2020\/08\/Peelings-Qu\u00edmicos-06-737x1024.jpg 737w, https:\/\/www.peelingsquimicos.com\/wp-content\/uploads\/2020\/08\/Peelings-Qu\u00edmicos-06-768x1067.jpg 768w, https:\/\/www.peelingsquimicos.com\/wp-content\/uploads\/2020\/08\/Peelings-Qu\u00edmicos-06-1105x1536.jpg 1105w, https:\/\/www.peelingsquimicos.com\/wp-content\/uploads\/2020\/08\/Peelings-Qu\u00edmicos-06-1474x2048.jpg 1474w\" sizes=\"(max-width: 1842px) 100vw, 1842px\" \/><\/figure>\n\n\n\n<figure class=\"wp-block-image size-large\"><img loading=\"lazy\" width=\"988\" height=\"1260\" data-id=\"32\"  src=\"https:\/\/www.peelingsquimicos.com\/wp-content\/uploads\/2020\/08\/Peelings-Qu\u00edmicos-04.jpg\" alt=\"\" class=\"wp-image-32\" srcset=\"https:\/\/www.peelingsquimicos.com\/wp-content\/uploads\/2020\/08\/Peelings-Qu\u00edmicos-04.jpg 988w, https:\/\/www.peelingsquimicos.com\/wp-content\/uploads\/2020\/08\/Peelings-Qu\u00edmicos-04-235x300.jpg 235w, https:\/\/www.peelingsquimicos.com\/wp-content\/uploads\/2020\/08\/Peelings-Qu\u00edmicos-04-803x1024.jpg 803w, https:\/\/www.peelingsquimicos.com\/wp-content\/uploads\/2020\/08\/Peelings-Qu\u00edmicos-04-768x979.jpg 768w\" sizes=\"(max-width: 988px) 100vw, 988px\" \/><figcaption>Resultados de un peeling qu\u00edmico mal hecho<\/figcaption><\/figure>\n\n\n\n<figure class=\"wp-block-image size-large\"><img loading=\"lazy\" width=\"1991\" height=\"2560\" data-id=\"33\"  src=\"https:\/\/www.peelingsquimicos.com\/wp-content\/uploads\/2020\/08\/Peelings-Qu\u00edmicos-05-scaled.jpg\" alt=\"resultados de un peeling qu\u00edmico mal hecho\" class=\"wp-image-33\" srcset=\"https:\/\/www.peelingsquimicos.com\/wp-content\/uploads\/2020\/08\/Peelings-Qu\u00edmicos-05-scaled.jpg 1991w, https:\/\/www.peelingsquimicos.com\/wp-content\/uploads\/2020\/08\/Peelings-Qu\u00edmicos-05-233x300.jpg 233w, https:\/\/www.peelingsquimicos.com\/wp-content\/uploads\/2020\/08\/Peelings-Qu\u00edmicos-05-797x1024.jpg 797w, https:\/\/www.peelingsquimicos.com\/wp-content\/uploads\/2020\/08\/Peelings-Qu\u00edmicos-05-768x987.jpg 768w, https:\/\/www.peelingsquimicos.com\/wp-content\/uploads\/2020\/08\/Peelings-Qu\u00edmicos-05-1195x1536.jpg 1195w, https:\/\/www.peelingsquimicos.com\/wp-content\/uploads\/2020\/08\/Peelings-Qu\u00edmicos-05-1593x2048.jpg 1593w\" sizes=\"(max-width: 1991px) 100vw, 1991px\" \/><\/figure>\n<\/figure>\n\n\n\n<p>Los efectos secundarios de una exfoliaci\u00f3n qu\u00edmica incluyen enrojecimiento, hinchaz\u00f3n y sequedad. Estos efectos secundarios deber\u00edan desaparecer a los pocos d\u00edas de finalizar el tratamiento.<\/p>\n\n\n\n<p>Una exfoliaci\u00f3n qu\u00edmica se puede realizar como un procedimiento ambulatorio o en el consultorio, seg\u00fan lo recomiende su dermat\u00f3logo.<\/p>\n\n\n\n<p>Pero en algunos casos, especialmente si se utiliza fenol, el cual es un \u00e1cido m\u00e1s invasivo, realizado de la forma incorrecta, puede terminar mal. Otro \u00e1cido con el que puede ocurrir esta situaci\u00f3n es el \u00e1cido tricloroac\u00e9tico.<\/p>\n\n\n\n<p>\u00c1cidos como lo es el glic\u00f3lico, son m\u00e1s livianos, pero mal utilizados y en grandes cantidades tambi\u00e9n pueden ocasionar estos problemas. Algunos de estos pueden ser:<\/p>\n\n\n\n<ul><li>Quemaduras<\/li><li>Hiperpigmentaci\u00f3n por inflamaci\u00f3n aguda<\/li><li>Cicatrizaci\u00f3n anormal<\/li><\/ul>\n\n\n\n<h2><strong>Videos de peelings qu\u00edmicos mal hechos<\/strong><\/h2>\n\n\n\n<p>A continuaci\u00f3n te presentamos algunos ejemplos de peelings qu\u00edmicos que no salieron de la mejor manera, con el prop\u00f3sito de que puedes verlo y entiendas la seriedad de este tipo de tratamiento.<\/p>\n\n\n\n<figure class=\"wp-block-embed is-type-video is-provider-youtube wp-block-embed-youtube wp-embed-aspect-16-9 wp-has-aspect-ratio\"><div class=\"wp-block-embed__wrapper\">\n<iframe loading=\"lazy\" title=\"CHEMICAL PEEL GONE WRONG!!! |VLOG|\" width=\"1200\" height=\"675\" src=\"https:\/\/www.youtube.com\/embed\/b31NwmEE15Y?feature=oembed\" frameborder=\"0\" allow=\"accelerometer; autoplay; clipboard-write; encrypted-media; gyroscope; picture-in-picture\" allowfullscreen><\/iframe>\n<\/div><\/figure>\n\n\n\n<figure class=\"wp-block-embed is-type-video is-provider-youtube wp-block-embed-youtube wp-embed-aspect-16-9 wp-has-aspect-ratio\"><div class=\"wp-block-embed__wrapper\">\n<iframe loading=\"lazy\" title=\"3rd 30% TCA PEEL I MESSED UP | Can I fix it?\" width=\"1200\" height=\"675\" src=\"https:\/\/www.youtube.com\/embed\/nkB3aVk8kzw?feature=oembed\" frameborder=\"0\" allow=\"accelerometer; autoplay; clipboard-write; encrypted-media; gyroscope; picture-in-picture\" allowfullscreen><\/iframe>\n<\/div><\/figure>\n\n\n\n<figure class=\"wp-block-embed is-type-video is-provider-youtube wp-block-embed-youtube wp-embed-aspect-16-9 wp-has-aspect-ratio\"><div class=\"wp-block-embed__wrapper\">\n<iframe loading=\"lazy\" title=\"Chemical Peel On Sensitive Skin (NEVER AGAIN!!!)\" width=\"1200\" height=\"675\" src=\"https:\/\/www.youtube.com\/embed\/E950xTLhXeo?feature=oembed\" frameborder=\"0\" allow=\"accelerometer; autoplay; clipboard-write; encrypted-media; gyroscope; picture-in-picture\" allowfullscreen><\/iframe>\n<\/div><\/figure>\n\n\n\n<h2><strong>Conclusi\u00f3n<\/strong><\/h2>\n\n\n\n<p>A la hora de realizarte un peeling qu\u00edmico, acude a un profesional. Si bien sabemos que esta puede ser la soluci\u00f3n para un rejuvenecimiento y cambio radical de la piel, como vimos, este proceso mal hecho puede resultar fatal.<\/p>\n\n\n\n<p>Este tipo de da\u00f1o a la piel puede ser muy peligroso y la apariencia en cuesti\u00f3n de est\u00e9tica tambi\u00e9n puede causar frustraciones.<\/p>\n\n\n\n<p>As\u00ed que acude a un profesional o hasta un tratamiento m\u00e1s ligero.<\/p>\n","protected":false},"excerpt":{"rendered":"<p>Lo m&aacute;s com&uacute;n a la hora de hablar de un peeling qu&iacute;mico es enfocarse en lo beneficioso que este puede ser y el resultado rejuvenecedor que nos puede brindar, pero as&iacute; mismo como puede ayudarnos, un peeling qu&iacute;mico mal hecho puede tener unos resultados que van desde malos hasta desastrosos. En nuestra p&aacute;gina de inicio &#8230; <a title=\"Resultados de un peeling qu\u00edmico mal hecho\" class=\"read-more\" href=\"https:\/\/www.peelingsquimicos.com\/index.php\/resultados-de-un-peeling-quimico-mal-hecho\/\">Leer m\u00e1s<\/a><\/p>\n","protected":false},"author":1,"featured_media":443,"parent":0,"menu_order":0,"comment_status":"closed","ping_status":"closed","template":"","meta":[],"uagb_featured_image_src":{"full":["https:\/\/www.peelingsquimicos.com\/wp-content\/uploads\/2022\/03\/ISS_16620_01421.jpg",1038,692,false],"thumbnail":["https:\/\/www.peelingsquimicos.com\/wp-content\/uploads\/2022\/03\/ISS_16620_01421-150x150.jpg",150,150,true],"medium":["https:\/\/www.peelingsquimicos.com\/wp-content\/uploads\/2022\/03\/ISS_16620_01421-300x200.jpg",300,200,true],"medium_large":["https:\/\/www.peelingsquimicos.com\/wp-content\/uploads\/2022\/03\/ISS_16620_01421-768x512.jpg",768,512,true],"large":["https:\/\/www.peelingsquimicos.com\/wp-content\/uploads\/2022\/03\/ISS_16620_01421-1024x683.jpg",1024,683,true],"1536x1536":["https:\/\/www.peelingsquimicos.com\/wp-content\/uploads\/2022\/03\/ISS_16620_01421.jpg",1038,692,false],"2048x2048":["https:\/\/www.peelingsquimicos.com\/wp-content\/uploads\/2022\/03\/ISS_16620_01421.jpg",1038,692,false]},"uagb_author_info":{"display_name":"admin","author_link":"https:\/\/www.peelingsquimicos.com\/index.php\/author\/admin\/"},"uagb_comment_info":0,"uagb_excerpt":"Lo m&aacute;s com&uacute;n a la hora de hablar de un peeling qu&iacute;mico es enfocarse en lo beneficioso que este puede ser y el resultado rejuvenecedor que nos puede brindar, pero as&iacute; mismo como puede ayudarnos, un peeling qu&iacute;mico mal hecho puede tener unos resultados que van desde malos hasta desastrosos. En nuestra p&aacute;gina de inicio&hellip;","yoast_head":"<!-- This site is optimized with the Yoast SEO plugin v14.7 - https:\/\/yoast.com\/wordpress\/plugins\/seo\/ -->\n<title>Resultados de un peeling qu\u00edmico mal hecho - Peeling Qu&iacute;mico<\/title>\n<meta name=\"description\" content=\"Un peeling qu\u00edmico mal hecho puede tener resultados muy negativos para nuestra piel. Conoces cuales son y como evitarlos.\" \/>\n<meta name=\"robots\" content=\"index, follow\" \/>\n<meta name=\"googlebot\" content=\"index, follow, max-snippet:-1, max-image-preview:large, max-video-preview:-1\" \/>\n<meta name=\"bingbot\" content=\"index, follow, max-snippet:-1, max-image-preview:large, max-video-preview:-1\" \/>\n<link rel=\"canonical\" href=\"https:\/\/www.peelingsquimicos.com\/index.php\/resultados-de-un-peeling-quimico-mal-hecho\/\" \/>\n<meta property=\"og:locale\" content=\"es_ES\" \/>\n<meta property=\"og:type\" content=\"article\" \/>\n<meta property=\"og:title\" content=\"Resultados de un peeling qu\u00edmico mal hecho - Peeling Qu&iacute;mico\" \/>\n<meta property=\"og:description\" content=\"Un peeling qu\u00edmico mal hecho puede tener resultados muy negativos para nuestra piel. Conoces cuales son y como evitarlos.\" \/>\n<meta property=\"og:url\" content=\"https:\/\/www.peelingsquimicos.com\/index.php\/resultados-de-un-peeling-quimico-mal-hecho\/\" \/>\n<meta property=\"og:site_name\" content=\"Peeling Qu&iacute;mico\" \/>\n<meta property=\"article:modified_time\" content=\"2022-03-20T19:37:18+00:00\" \/>\n<meta property=\"og:image\" content=\"https:\/\/www.peelingsquimicos.com\/wp-content\/uploads\/2022\/03\/ISS_16620_01421.jpg\" \/>\n\t<meta property=\"og:image:width\" content=\"1038\" \/>\n\t<meta property=\"og:image:height\" content=\"692\" \/>\n<meta name=\"twitter:card\" content=\"summary_large_image\" \/>\n<script type=\"application\/ld+json\" class=\"yoast-schema-graph\">{\"@context\":\"https:\/\/schema.org\",\"@graph\":[{\"@type\":\"WebSite\",\"@id\":\"https:\/\/www.peelingsquimicos.com\/#website\",\"url\":\"https:\/\/www.peelingsquimicos.com\/\",\"name\":\"Peeling Qu&iacute;mico\",\"description\":\"Renovaci&oacute;n Facial en su M&aacute;xima Expresi&oacute;n\",\"potentialAction\":[{\"@type\":\"SearchAction\",\"target\":\"https:\/\/www.peelingsquimicos.com\/?s={search_term_string}\",\"query-input\":\"required name=search_term_string\"}],\"inLanguage\":\"es\"},{\"@type\":\"ImageObject\",\"@id\":\"https:\/\/www.peelingsquimicos.com\/index.php\/resultados-de-un-peeling-quimico-mal-hecho\/#primaryimage\",\"inLanguage\":\"es\",\"url\":\"https:\/\/www.peelingsquimicos.com\/wp-content\/uploads\/2022\/03\/ISS_16620_01421.jpg\",\"width\":1038,\"height\":692,\"caption\":\"peeling qu\\u00edmico mal hecho\"},{\"@type\":\"WebPage\",\"@id\":\"https:\/\/www.peelingsquimicos.com\/index.php\/resultados-de-un-peeling-quimico-mal-hecho\/#webpage\",\"url\":\"https:\/\/www.peelingsquimicos.com\/index.php\/resultados-de-un-peeling-quimico-mal-hecho\/\",\"name\":\"Resultados de un peeling qu\\u00edmico mal hecho - Peeling Qu&iacute;mico\",\"isPartOf\":{\"@id\":\"https:\/\/www.peelingsquimicos.com\/#website\"},\"primaryImageOfPage\":{\"@id\":\"https:\/\/www.peelingsquimicos.com\/index.php\/resultados-de-un-peeling-quimico-mal-hecho\/#primaryimage\"},\"datePublished\":\"2022-03-20T19:37:17+00:00\",\"dateModified\":\"2022-03-20T19:37:18+00:00\",\"description\":\"Un peeling qu\\u00edmico mal hecho puede tener resultados muy negativos para nuestra piel. Conoces cuales son y como evitarlos.\",\"inLanguage\":\"es\",\"potentialAction\":[{\"@type\":\"ReadAction\",\"target\":[\"https:\/\/www.peelingsquimicos.com\/index.php\/resultados-de-un-peeling-quimico-mal-hecho\/\"]}]}]}<\/script>\n<!-- \/ Yoast SEO plugin. -->","_links":{"self":[{"href":"https:\/\/www.peelingsquimicos.com\/index.php\/wp-json\/wp\/v2\/pages\/438"}],"collection":[{"href":"https:\/\/www.peelingsquimicos.com\/index.php\/wp-json\/wp\/v2\/pages"}],"about":[{"href":"https:\/\/www.peelingsquimicos.com\/index.php\/wp-json\/wp\/v2\/types\/page"}],"author":[{"embeddable":true,"href":"https:\/\/www.peelingsquimicos.com\/index.php\/wp-json\/wp\/v2\/users\/1"}],"replies":[{"embeddable":true,"href":"https:\/\/www.peelingsquimicos.com\/index.php\/wp-json\/wp\/v2\/comments?post=438"}],"version-history":[{"count":2,"href":"https:\/\/www.peelingsquimicos.com\/index.php\/wp-json\/wp\/v2\/pages\/438\/revisions"}],"predecessor-version":[{"id":444,"href":"https:\/\/www.peelingsquimicos.com\/index.php\/wp-json\/wp\/v2\/pages\/438\/revisions\/444"}],"wp:featuredmedia":[{"embeddable":true,"href":"https:\/\/www.peelingsquimicos.com\/index.php\/wp-json\/wp\/v2\/media\/443"}],"wp:attachment":[{"href":"https:\/\/www.peelingsquimicos.com\/index.php\/wp-json\/wp\/v2\/media?parent=438"}],"curies":[{"name":"wp","href":"https:\/\/api.w.org\/{rel}","templated":true}]}}